{"id":11466,"date":"2025-12-31T12:59:20","date_gmt":"2025-12-31T12:59:20","guid":{"rendered":"https:\/\/www.lacavedeslecteurs.com\/index.php\/product\/domaine-francois-labet-chateau-de-la-tour\/"},"modified":"2026-02-13T15:29:43","modified_gmt":"2026-02-13T15:29:43","slug":"domaine-francois-labet-chateau-de-la-tour","status":"publish","type":"product","link":"https:\/\/www.lacavedeslecteurs.com\/index.php\/product\/domaine-francois-labet-chateau-de-la-tour\/","title":{"rendered":"Domaine Fran\u00e7ois Labet Ch\u00e2teau De La Tour - 2012"},"content":{"rendered":"<p>Plus grand propri\u00e9taire de Clos Vougeot, Fran\u00e7ois Labet, est aussi le seul \u00e0 vinifier au sein du Clos. Superbe, \u00e0 la bouche serr\u00e9e et complexe, le vin est de grande garde. Recherch\u00e9 dans le monde entier.<\/p>\n","protected":false},"excerpt":{"rendered":"<p>Plus grand propri\u00e9taire de Clos Vougeot, Fran\u00e7ois Labet, est aussi le seul \u00e0 vinifier au sein du Clos. Superbe, \u00e0 la bouche serr\u00e9e et complexe, le vin est de grande garde. Recherch\u00e9 dans le monde entier.<\/p>\n","protected":false},"featured_media":16799,"comment_status":"open","ping_status":"closed","template":"","meta":[],"product_brand":[],"product_cat":[21,365,138,27],"product_tag":[],"class_list":{"0":"post-11466","1":"product","2":"type-product","3":"status-publish","4":"has-post-thumbnail","6":"product_cat-bourgogne","7":"product_cat-categorie","8":"product_cat-couleurs","9":"product_cat-rouge","11":"first","12":"instock","13":"sale","14":"taxable","15":"shipping-taxable","16":"purchasable","17":"product-type-simple"},"_links":{"self":[{"href":"https:\/\/www.lacavedeslecteurs.com\/index.php\/wp-json\/wp\/v2\/product\/11466","targetHints":{"allow":["GET"]}}],"collection":[{"href":"https:\/\/www.lacavedeslecteurs.com\/index.php\/wp-json\/wp\/v2\/product"}],"about":[{"href":"https:\/\/www.lacavedeslecteurs.com\/index.php\/wp-json\/wp\/v2\/types\/product"}],"replies":[{"embeddable":true,"href":"https:\/\/www.lacavedeslecteurs.com\/index.php\/wp-json\/wp\/v2\/comments?post=11466"}],"wp:featuredmedia":[{"embeddable":true,"href":"https:\/\/www.lacavedeslecteurs.com\/index.php\/wp-json\/wp\/v2\/media\/16799"}],"wp:attachment":[{"href":"https:\/\/www.lacavedeslecteurs.com\/index.php\/wp-json\/wp\/v2\/media?parent=11466"}],"wp:term":[{"taxonomy":"product_brand","embeddable":true,"href":"https:\/\/www.lacavedeslecteurs.com\/index.php\/wp-json\/wp\/v2\/product_brand?post=11466"},{"taxonomy":"product_cat","embeddable":true,"href":"https:\/\/www.lacavedeslecteurs.com\/index.php\/wp-json\/wp\/v2\/product_cat?post=11466"},{"taxonomy":"product_tag","embeddable":true,"href":"https:\/\/www.lacavedeslecteurs.com\/index.php\/wp-json\/wp\/v2\/product_tag?post=11466"}],"curies":[{"name":"wp","href":"https:\/\/api.w.org\/{rel}","templated":true}]}}