{"id":11476,"date":"2025-12-31T12:59:35","date_gmt":"2025-12-31T12:59:35","guid":{"rendered":"https:\/\/www.lacavedeslecteurs.com\/index.php\/product\/domaine-lucien-muzard-et-fils-beauregard\/"},"modified":"2026-02-13T15:30:06","modified_gmt":"2026-02-13T15:30:06","slug":"domaine-lucien-muzard-et-fils-beauregard","status":"publish","type":"product","link":"https:\/\/www.lacavedeslecteurs.com\/index.php\/product\/domaine-lucien-muzard-et-fils-beauregard\/","title":{"rendered":"Domaine Lucien Muzard et Fils Beauregard - 2019"},"content":{"rendered":"<p>Le vin s&rsquo;ouvre assez vite, il est tout en fruit dans sa jeunesse avec des tanins de raisins soutenus par un bois\u00e9 fin, une mati\u00e8re tr\u00e8s agr\u00e9able, une texture savoureuse et pr\u00e9cise. Un must de l\u2019appellation.<\/p>\n","protected":false},"excerpt":{"rendered":"<p>Le vin s&rsquo;ouvre assez vite, il est tout en fruit dans sa jeunesse avec des tanins de raisins soutenus par un bois\u00e9 fin, une mati\u00e8re tr\u00e8s agr\u00e9able, une texture savoureuse et pr\u00e9cise. Un must de l\u2019appellation.<\/p>\n","protected":false},"featured_media":16806,"comment_status":"open","ping_status":"closed","template":"","meta":[],"product_brand":[],"product_cat":[21,365,138,27],"product_tag":[],"class_list":{"0":"post-11476","1":"product","2":"type-product","3":"status-publish","4":"has-post-thumbnail","6":"product_cat-bourgogne","7":"product_cat-categorie","8":"product_cat-couleurs","9":"product_cat-rouge","11":"first","12":"instock","13":"sale","14":"taxable","15":"shipping-taxable","16":"purchasable","17":"product-type-simple"},"_links":{"self":[{"href":"https:\/\/www.lacavedeslecteurs.com\/index.php\/wp-json\/wp\/v2\/product\/11476","targetHints":{"allow":["GET"]}}],"collection":[{"href":"https:\/\/www.lacavedeslecteurs.com\/index.php\/wp-json\/wp\/v2\/product"}],"about":[{"href":"https:\/\/www.lacavedeslecteurs.com\/index.php\/wp-json\/wp\/v2\/types\/product"}],"replies":[{"embeddable":true,"href":"https:\/\/www.lacavedeslecteurs.com\/index.php\/wp-json\/wp\/v2\/comments?post=11476"}],"wp:featuredmedia":[{"embeddable":true,"href":"https:\/\/www.lacavedeslecteurs.com\/index.php\/wp-json\/wp\/v2\/media\/16806"}],"wp:attachment":[{"href":"https:\/\/www.lacavedeslecteurs.com\/index.php\/wp-json\/wp\/v2\/media?parent=11476"}],"wp:term":[{"taxonomy":"product_brand","embeddable":true,"href":"https:\/\/www.lacavedeslecteurs.com\/index.php\/wp-json\/wp\/v2\/product_brand?post=11476"},{"taxonomy":"product_cat","embeddable":true,"href":"https:\/\/www.lacavedeslecteurs.com\/index.php\/wp-json\/wp\/v2\/product_cat?post=11476"},{"taxonomy":"product_tag","embeddable":true,"href":"https:\/\/www.lacavedeslecteurs.com\/index.php\/wp-json\/wp\/v2\/product_tag?post=11476"}],"curies":[{"name":"wp","href":"https:\/\/api.w.org\/{rel}","templated":true}]}}