{"id":11484,"date":"2025-12-31T12:59:46","date_gmt":"2025-12-31T12:59:46","guid":{"rendered":"https:\/\/www.lacavedeslecteurs.com\/index.php\/product\/chateau-de-pommard-la-maladiere\/"},"modified":"2026-02-13T15:30:21","modified_gmt":"2026-02-13T15:30:21","slug":"chateau-de-pommard-la-maladiere","status":"publish","type":"product","link":"https:\/\/www.lacavedeslecteurs.com\/index.php\/product\/chateau-de-pommard-la-maladiere\/","title":{"rendered":"Ch\u00e2teau de Pommard La Maladi\u00e8re - 2017"},"content":{"rendered":"<p>Un vin digne d\u2019un grand Chassagne-Montrachet avec beaucoup de puissance en milieu de bouche et des ar\u00f4mes de fruits blancs et de noisettes. Une longueur insoup\u00e7onnable, un coup de c\u0153ur sinc\u00e8re et unanime. <\/p>\n","protected":false},"excerpt":{"rendered":"<p>Un vin digne d\u2019un grand Chassagne-Montrachet avec beaucoup de puissance en milieu de bouche et des ar\u00f4mes de fruits blancs et de noisettes. Une longueur insoup\u00e7onnable, un coup de c\u0153ur sinc\u00e8re et unanime.<\/p>\n","protected":false},"featured_media":16811,"comment_status":"open","ping_status":"closed","template":"","meta":[],"product_brand":[],"product_cat":[41,21,365,138],"product_tag":[],"class_list":{"0":"post-11484","1":"product","2":"type-product","3":"status-publish","4":"has-post-thumbnail","6":"product_cat-blanc","7":"product_cat-bourgogne","8":"product_cat-categorie","9":"product_cat-couleurs","11":"first","12":"instock","13":"sale","14":"taxable","15":"shipping-taxable","16":"purchasable","17":"product-type-simple"},"_links":{"self":[{"href":"https:\/\/www.lacavedeslecteurs.com\/index.php\/wp-json\/wp\/v2\/product\/11484","targetHints":{"allow":["GET"]}}],"collection":[{"href":"https:\/\/www.lacavedeslecteurs.com\/index.php\/wp-json\/wp\/v2\/product"}],"about":[{"href":"https:\/\/www.lacavedeslecteurs.com\/index.php\/wp-json\/wp\/v2\/types\/product"}],"replies":[{"embeddable":true,"href":"https:\/\/www.lacavedeslecteurs.com\/index.php\/wp-json\/wp\/v2\/comments?post=11484"}],"wp:featuredmedia":[{"embeddable":true,"href":"https:\/\/www.lacavedeslecteurs.com\/index.php\/wp-json\/wp\/v2\/media\/16811"}],"wp:attachment":[{"href":"https:\/\/www.lacavedeslecteurs.com\/index.php\/wp-json\/wp\/v2\/media?parent=11484"}],"wp:term":[{"taxonomy":"product_brand","embeddable":true,"href":"https:\/\/www.lacavedeslecteurs.com\/index.php\/wp-json\/wp\/v2\/product_brand?post=11484"},{"taxonomy":"product_cat","embeddable":true,"href":"https:\/\/www.lacavedeslecteurs.com\/index.php\/wp-json\/wp\/v2\/product_cat?post=11484"},{"taxonomy":"product_tag","embeddable":true,"href":"https:\/\/www.lacavedeslecteurs.com\/index.php\/wp-json\/wp\/v2\/product_tag?post=11484"}],"curies":[{"name":"wp","href":"https:\/\/api.w.org\/{rel}","templated":true}]}}