{"id":11512,"date":"2025-12-31T13:00:13","date_gmt":"2025-12-31T13:00:13","guid":{"rendered":"https:\/\/www.lacavedeslecteurs.com\/index.php\/product\/domaine-antonin-guyon-clos-des-chenes\/"},"modified":"2026-02-13T15:32:23","modified_gmt":"2026-02-13T15:32:23","slug":"domaine-antonin-guyon-clos-des-chenes","status":"publish","type":"product","link":"https:\/\/www.lacavedeslecteurs.com\/index.php\/product\/domaine-antonin-guyon-clos-des-chenes\/","title":{"rendered":"Domaine Antonin Guyon Clos des Ch\u00eanes - 2017"},"content":{"rendered":"<p>L&rsquo;approche est traditionnelle : grappes enti\u00e8res, mac\u00e9ration en cuve bois, \u00e9levage en barrique pendant 18 mois. Ses vins sont r\u00e9put\u00e9s pour leur \u00e9l\u00e9gance et leur typicit\u00e9 remarquable. Les vins sont distribu\u00e9s dans les plus belles table du monde !<\/p>\n","protected":false},"excerpt":{"rendered":"<p>L&rsquo;approche est traditionnelle : grappes enti\u00e8res, mac\u00e9ration en cuve bois, \u00e9levage en barrique pendant 18 mois. Ses vins sont r\u00e9put\u00e9s pour leur \u00e9l\u00e9gance et leur typicit\u00e9 remarquable. Les vins sont distribu\u00e9s dans les plus belles table du monde !<\/p>\n","protected":false},"featured_media":16827,"comment_status":"open","ping_status":"closed","template":"","meta":[],"product_brand":[],"product_cat":[21,365,138,27],"product_tag":[],"class_list":{"0":"post-11512","1":"product","2":"type-product","3":"status-publish","4":"has-post-thumbnail","6":"product_cat-bourgogne","7":"product_cat-categorie","8":"product_cat-couleurs","9":"product_cat-rouge","11":"first","12":"instock","13":"sale","14":"taxable","15":"shipping-taxable","16":"purchasable","17":"product-type-simple"},"_links":{"self":[{"href":"https:\/\/www.lacavedeslecteurs.com\/index.php\/wp-json\/wp\/v2\/product\/11512","targetHints":{"allow":["GET"]}}],"collection":[{"href":"https:\/\/www.lacavedeslecteurs.com\/index.php\/wp-json\/wp\/v2\/product"}],"about":[{"href":"https:\/\/www.lacavedeslecteurs.com\/index.php\/wp-json\/wp\/v2\/types\/product"}],"replies":[{"embeddable":true,"href":"https:\/\/www.lacavedeslecteurs.com\/index.php\/wp-json\/wp\/v2\/comments?post=11512"}],"wp:featuredmedia":[{"embeddable":true,"href":"https:\/\/www.lacavedeslecteurs.com\/index.php\/wp-json\/wp\/v2\/media\/16827"}],"wp:attachment":[{"href":"https:\/\/www.lacavedeslecteurs.com\/index.php\/wp-json\/wp\/v2\/media?parent=11512"}],"wp:term":[{"taxonomy":"product_brand","embeddable":true,"href":"https:\/\/www.lacavedeslecteurs.com\/index.php\/wp-json\/wp\/v2\/product_brand?post=11512"},{"taxonomy":"product_cat","embeddable":true,"href":"https:\/\/www.lacavedeslecteurs.com\/index.php\/wp-json\/wp\/v2\/product_cat?post=11512"},{"taxonomy":"product_tag","embeddable":true,"href":"https:\/\/www.lacavedeslecteurs.com\/index.php\/wp-json\/wp\/v2\/product_tag?post=11512"}],"curies":[{"name":"wp","href":"https:\/\/api.w.org\/{rel}","templated":true}]}}