{"id":11517,"date":"2025-12-31T13:00:18","date_gmt":"2025-12-31T13:00:18","guid":{"rendered":"https:\/\/www.lacavedeslecteurs.com\/index.php\/product\/domaine-j-m-boillot-carelle-sous-la-chapelle\/"},"modified":"2026-02-13T15:32:32","modified_gmt":"2026-02-13T15:32:32","slug":"domaine-j-m-boillot-carelle-sous-la-chapelle","status":"publish","type":"product","link":"https:\/\/www.lacavedeslecteurs.com\/index.php\/product\/domaine-j-m-boillot-carelle-sous-la-chapelle\/","title":{"rendered":"Domaine J.M. Boillot Carelle sous la Chapelle - 2019"},"content":{"rendered":"<p>Le Climat \u00ab\u00a0sous la Carelle\u00a0\u00bb est m\u00e9connu et exceptionnel ; dense mais tout en dentelle, il se gardera deux d\u00e9cennie sans souci. A ne rater sous aucun pr\u00e9texte pour les amateurs de pinot noir.<\/p>\n","protected":false},"excerpt":{"rendered":"<p>Le Climat \u00ab\u00a0sous la Carelle\u00a0\u00bb est m\u00e9connu et exceptionnel ; dense mais tout en dentelle, il se gardera deux d\u00e9cennie sans souci. A ne rater sous aucun pr\u00e9texte pour les amateurs de pinot noir.<\/p>\n","protected":false},"featured_media":16830,"comment_status":"open","ping_status":"closed","template":"","meta":[],"product_brand":[],"product_cat":[21,365,138,27],"product_tag":[],"class_list":{"0":"post-11517","1":"product","2":"type-product","3":"status-publish","4":"has-post-thumbnail","6":"product_cat-bourgogne","7":"product_cat-categorie","8":"product_cat-couleurs","9":"product_cat-rouge","11":"first","12":"instock","13":"sale","14":"taxable","15":"shipping-taxable","16":"purchasable","17":"product-type-simple"},"_links":{"self":[{"href":"https:\/\/www.lacavedeslecteurs.com\/index.php\/wp-json\/wp\/v2\/product\/11517","targetHints":{"allow":["GET"]}}],"collection":[{"href":"https:\/\/www.lacavedeslecteurs.com\/index.php\/wp-json\/wp\/v2\/product"}],"about":[{"href":"https:\/\/www.lacavedeslecteurs.com\/index.php\/wp-json\/wp\/v2\/types\/product"}],"replies":[{"embeddable":true,"href":"https:\/\/www.lacavedeslecteurs.com\/index.php\/wp-json\/wp\/v2\/comments?post=11517"}],"wp:featuredmedia":[{"embeddable":true,"href":"https:\/\/www.lacavedeslecteurs.com\/index.php\/wp-json\/wp\/v2\/media\/16830"}],"wp:attachment":[{"href":"https:\/\/www.lacavedeslecteurs.com\/index.php\/wp-json\/wp\/v2\/media?parent=11517"}],"wp:term":[{"taxonomy":"product_brand","embeddable":true,"href":"https:\/\/www.lacavedeslecteurs.com\/index.php\/wp-json\/wp\/v2\/product_brand?post=11517"},{"taxonomy":"product_cat","embeddable":true,"href":"https:\/\/www.lacavedeslecteurs.com\/index.php\/wp-json\/wp\/v2\/product_cat?post=11517"},{"taxonomy":"product_tag","embeddable":true,"href":"https:\/\/www.lacavedeslecteurs.com\/index.php\/wp-json\/wp\/v2\/product_tag?post=11517"}],"curies":[{"name":"wp","href":"https:\/\/api.w.org\/{rel}","templated":true}]}}