{"id":11519,"date":"2025-12-31T13:00:21","date_gmt":"2025-12-31T13:00:21","guid":{"rendered":"https:\/\/www.lacavedeslecteurs.com\/index.php\/product\/domaine-francois-villard-jouvet\/"},"modified":"2026-02-13T15:36:55","modified_gmt":"2026-02-13T15:36:55","slug":"domaine-francois-villard-jouvet","status":"publish","type":"product","link":"https:\/\/www.lacavedeslecteurs.com\/index.php\/product\/domaine-francois-villard-jouvet\/","title":{"rendered":"Domaine Fran\u00e7ois Villard Jouvet - 2020"},"content":{"rendered":"<p>Fran\u00e7ois Villard, chef cuisinier de formation, d\u00e9marre en 1989 la profession de vigneron. Il est d\u00e9sormais reconnu comme l\u2019une des stars du Rh\u00f4ne Septentrional. Son Cornas \u00ab Jouvet \u00bb 2020 arbore une belle robe profonde aux teintes violettes. Le fruit est pur et bien travaill\u00e9 avec des notes poivr\u00e9es. Belle mati\u00e8re et de la min\u00e9ralit\u00e9 en bouche, avec une finale tout en fra\u00eecheur, exquise !<\/p>\n","protected":false},"excerpt":{"rendered":"<p>Fran\u00e7ois Villard, chef cuisinier de formation, d\u00e9marre en 1989 la profession de vigneron. Il est d\u00e9sormais reconnu comme l\u2019une des stars du Rh\u00f4ne Septentrional. Son Cornas \u00ab Jouvet \u00bb 2020 arbore une belle robe profonde aux teintes violettes. Le fruit est pur et bien travaill\u00e9 avec des notes poivr\u00e9es. Belle mati\u00e8re et de la min\u00e9ralit\u00e9 [&hellip;]<\/p>\n","protected":false},"featured_media":16960,"comment_status":"open","ping_status":"closed","template":"","meta":[],"product_brand":[],"product_cat":[365,138,66,27],"product_tag":[],"class_list":{"0":"post-11519","1":"product","2":"type-product","3":"status-publish","4":"has-post-thumbnail","6":"product_cat-categorie","7":"product_cat-couleurs","8":"product_cat-rhone","9":"product_cat-rouge","11":"first","12":"instock","13":"sale","14":"taxable","15":"shipping-taxable","16":"purchasable","17":"product-type-simple"},"_links":{"self":[{"href":"https:\/\/www.lacavedeslecteurs.com\/index.php\/wp-json\/wp\/v2\/product\/11519","targetHints":{"allow":["GET"]}}],"collection":[{"href":"https:\/\/www.lacavedeslecteurs.com\/index.php\/wp-json\/wp\/v2\/product"}],"about":[{"href":"https:\/\/www.lacavedeslecteurs.com\/index.php\/wp-json\/wp\/v2\/types\/product"}],"replies":[{"embeddable":true,"href":"https:\/\/www.lacavedeslecteurs.com\/index.php\/wp-json\/wp\/v2\/comments?post=11519"}],"wp:featuredmedia":[{"embeddable":true,"href":"https:\/\/www.lacavedeslecteurs.com\/index.php\/wp-json\/wp\/v2\/media\/16960"}],"wp:attachment":[{"href":"https:\/\/www.lacavedeslecteurs.com\/index.php\/wp-json\/wp\/v2\/media?parent=11519"}],"wp:term":[{"taxonomy":"product_brand","embeddable":true,"href":"https:\/\/www.lacavedeslecteurs.com\/index.php\/wp-json\/wp\/v2\/product_brand?post=11519"},{"taxonomy":"product_cat","embeddable":true,"href":"https:\/\/www.lacavedeslecteurs.com\/index.php\/wp-json\/wp\/v2\/product_cat?post=11519"},{"taxonomy":"product_tag","embeddable":true,"href":"https:\/\/www.lacavedeslecteurs.com\/index.php\/wp-json\/wp\/v2\/product_tag?post=11519"}],"curies":[{"name":"wp","href":"https:\/\/api.w.org\/{rel}","templated":true}]}}