{"id":11520,"date":"2025-12-31T13:00:21","date_gmt":"2025-12-31T13:00:21","guid":{"rendered":"https:\/\/www.lacavedeslecteurs.com\/index.php\/product\/domaine-beaurenard-bio\/"},"modified":"2026-02-13T15:36:57","modified_gmt":"2026-02-13T15:36:57","slug":"domaine-beaurenard-bio","status":"publish","type":"product","link":"https:\/\/www.lacavedeslecteurs.com\/index.php\/product\/domaine-beaurenard-bio\/","title":{"rendered":"Domaine Beaurenard BIO - 2020"},"content":{"rendered":"<p>Beaurenard s\u2019assoit sur un sol riche avec un terroir argilo-calcaire. Ce vin se r\u00e9v\u00e8le intense et concentr\u00e9. La bouche est fine et \u00e9l\u00e9gante avec de beaux fruits rouges et noirs.<\/p>\n","protected":false},"excerpt":{"rendered":"<p>Beaurenard s\u2019assoit sur un sol riche avec un terroir argilo-calcaire. Ce vin se r\u00e9v\u00e8le intense et concentr\u00e9. La bouche est fine et \u00e9l\u00e9gante avec de beaux fruits rouges et noirs.<\/p>\n","protected":false},"featured_media":16961,"comment_status":"open","ping_status":"closed","template":"","meta":[],"product_brand":[],"product_cat":[365,138,66,27],"product_tag":[],"class_list":{"0":"post-11520","1":"product","2":"type-product","3":"status-publish","4":"has-post-thumbnail","6":"product_cat-categorie","7":"product_cat-couleurs","8":"product_cat-rhone","9":"product_cat-rouge","11":"first","12":"instock","13":"sale","14":"taxable","15":"shipping-taxable","16":"purchasable","17":"product-type-simple"},"_links":{"self":[{"href":"https:\/\/www.lacavedeslecteurs.com\/index.php\/wp-json\/wp\/v2\/product\/11520","targetHints":{"allow":["GET"]}}],"collection":[{"href":"https:\/\/www.lacavedeslecteurs.com\/index.php\/wp-json\/wp\/v2\/product"}],"about":[{"href":"https:\/\/www.lacavedeslecteurs.com\/index.php\/wp-json\/wp\/v2\/types\/product"}],"replies":[{"embeddable":true,"href":"https:\/\/www.lacavedeslecteurs.com\/index.php\/wp-json\/wp\/v2\/comments?post=11520"}],"wp:featuredmedia":[{"embeddable":true,"href":"https:\/\/www.lacavedeslecteurs.com\/index.php\/wp-json\/wp\/v2\/media\/16961"}],"wp:attachment":[{"href":"https:\/\/www.lacavedeslecteurs.com\/index.php\/wp-json\/wp\/v2\/media?parent=11520"}],"wp:term":[{"taxonomy":"product_brand","embeddable":true,"href":"https:\/\/www.lacavedeslecteurs.com\/index.php\/wp-json\/wp\/v2\/product_brand?post=11520"},{"taxonomy":"product_cat","embeddable":true,"href":"https:\/\/www.lacavedeslecteurs.com\/index.php\/wp-json\/wp\/v2\/product_cat?post=11520"},{"taxonomy":"product_tag","embeddable":true,"href":"https:\/\/www.lacavedeslecteurs.com\/index.php\/wp-json\/wp\/v2\/product_tag?post=11520"}],"curies":[{"name":"wp","href":"https:\/\/api.w.org\/{rel}","templated":true}]}}