{"id":11523,"date":"2025-12-31T13:00:22","date_gmt":"2025-12-31T13:00:22","guid":{"rendered":"https:\/\/www.lacavedeslecteurs.com\/index.php\/product\/maison-tardieu-laurent\/"},"modified":"2026-02-13T15:38:01","modified_gmt":"2026-02-13T15:38:01","slug":"maison-tardieu-laurent","status":"publish","type":"product","link":"https:\/\/www.lacavedeslecteurs.com\/index.php\/product\/maison-tardieu-laurent\/","title":{"rendered":"Maison Tardieu-Laurent - 2020"},"content":{"rendered":"<p>Maison experte dans l\u2019art de d\u00e9nicher les meilleures parcelles et les \u00e9lever avec m\u00e9rite. En 2019, les maturit\u00e9s du raisin sont parfaites. Le vin est noir, le bouquet riche et complexe, sur des notes de graphite et pierre \u00e0 fusil. Une cuv\u00e9e qui traversera harmonieusement \u00ab quelques \u00bb d\u00e9cennies&#8230;<\/p>\n","protected":false},"excerpt":{"rendered":"<p>Maison experte dans l\u2019art de d\u00e9nicher les meilleures parcelles et les \u00e9lever avec m\u00e9rite. En 2019, les maturit\u00e9s du raisin sont parfaites. Le vin est noir, le bouquet riche et complexe, sur des notes de graphite et pierre \u00e0 fusil. Une cuv\u00e9e qui traversera harmonieusement \u00ab quelques \u00bb d\u00e9cennies&#8230;<\/p>\n","protected":false},"featured_media":16995,"comment_status":"open","ping_status":"closed","template":"","meta":[],"product_brand":[],"product_cat":[365,138,66,27],"product_tag":[],"class_list":{"0":"post-11523","1":"product","2":"type-product","3":"status-publish","4":"has-post-thumbnail","6":"product_cat-categorie","7":"product_cat-couleurs","8":"product_cat-rhone","9":"product_cat-rouge","11":"first","12":"instock","13":"sale","14":"taxable","15":"shipping-taxable","16":"purchasable","17":"product-type-simple"},"_links":{"self":[{"href":"https:\/\/www.lacavedeslecteurs.com\/index.php\/wp-json\/wp\/v2\/product\/11523","targetHints":{"allow":["GET"]}}],"collection":[{"href":"https:\/\/www.lacavedeslecteurs.com\/index.php\/wp-json\/wp\/v2\/product"}],"about":[{"href":"https:\/\/www.lacavedeslecteurs.com\/index.php\/wp-json\/wp\/v2\/types\/product"}],"replies":[{"embeddable":true,"href":"https:\/\/www.lacavedeslecteurs.com\/index.php\/wp-json\/wp\/v2\/comments?post=11523"}],"wp:featuredmedia":[{"embeddable":true,"href":"https:\/\/www.lacavedeslecteurs.com\/index.php\/wp-json\/wp\/v2\/media\/16995"}],"wp:attachment":[{"href":"https:\/\/www.lacavedeslecteurs.com\/index.php\/wp-json\/wp\/v2\/media?parent=11523"}],"wp:term":[{"taxonomy":"product_brand","embeddable":true,"href":"https:\/\/www.lacavedeslecteurs.com\/index.php\/wp-json\/wp\/v2\/product_brand?post=11523"},{"taxonomy":"product_cat","embeddable":true,"href":"https:\/\/www.lacavedeslecteurs.com\/index.php\/wp-json\/wp\/v2\/product_cat?post=11523"},{"taxonomy":"product_tag","embeddable":true,"href":"https:\/\/www.lacavedeslecteurs.com\/index.php\/wp-json\/wp\/v2\/product_tag?post=11523"}],"curies":[{"name":"wp","href":"https:\/\/api.w.org\/{rel}","templated":true}]}}