{"id":11524,"date":"2025-12-31T13:00:23","date_gmt":"2025-12-31T13:00:23","guid":{"rendered":"https:\/\/www.lacavedeslecteurs.com\/index.php\/product\/maison-e-guigal\/"},"modified":"2026-02-13T15:37:23","modified_gmt":"2026-02-13T15:37:23","slug":"maison-e-guigal","status":"publish","type":"product","link":"https:\/\/www.lacavedeslecteurs.com\/index.php\/product\/maison-e-guigal\/","title":{"rendered":"Maison E.Guigal - 2019"},"content":{"rendered":"<p>Dans cette mythique maison d\u2019Ampuis, la rigueur des s\u00e9lections de Marcel Guigal et de son fils Philippe n\u2019a d\u2019\u00e9gale que leur souci d\u2019amener chaque vin au bout d\u2019un cycle complet d\u2019\u00e9levage. La qualit\u00e9 est toujours au rendez-vous, du petit C\u00f4tes-du-rh\u00f4ne en passant par les tr\u00e8s grandes cuv\u00e9es. Porte-drapeau du Rh\u00f4ne Septentrional. R\u00e9gulier, bien \u00e9quilibr\u00e9 et persistant en bouche.<\/p>\n","protected":false},"excerpt":{"rendered":"<p>Dans cette mythique maison d\u2019Ampuis, la rigueur des s\u00e9lections de Marcel Guigal et de son fils Philippe n\u2019a d\u2019\u00e9gale que leur souci d\u2019amener chaque vin au bout d\u2019un cycle complet d\u2019\u00e9levage. La qualit\u00e9 est toujours au rendez-vous, du petit C\u00f4tes-du-rh\u00f4ne en passant par les tr\u00e8s grandes cuv\u00e9es. Porte-drapeau du Rh\u00f4ne Septentrional. R\u00e9gulier, bien \u00e9quilibr\u00e9 et [&hellip;]<\/p>\n","protected":false},"featured_media":16975,"comment_status":"open","ping_status":"closed","template":"","meta":[],"product_brand":[],"product_cat":[365,138,66,27],"product_tag":[],"class_list":{"0":"post-11524","1":"product","2":"type-product","3":"status-publish","4":"has-post-thumbnail","6":"product_cat-categorie","7":"product_cat-couleurs","8":"product_cat-rhone","9":"product_cat-rouge","11":"first","12":"instock","13":"sale","14":"taxable","15":"shipping-taxable","16":"purchasable","17":"product-type-simple"},"_links":{"self":[{"href":"https:\/\/www.lacavedeslecteurs.com\/index.php\/wp-json\/wp\/v2\/product\/11524","targetHints":{"allow":["GET"]}}],"collection":[{"href":"https:\/\/www.lacavedeslecteurs.com\/index.php\/wp-json\/wp\/v2\/product"}],"about":[{"href":"https:\/\/www.lacavedeslecteurs.com\/index.php\/wp-json\/wp\/v2\/types\/product"}],"replies":[{"embeddable":true,"href":"https:\/\/www.lacavedeslecteurs.com\/index.php\/wp-json\/wp\/v2\/comments?post=11524"}],"wp:featuredmedia":[{"embeddable":true,"href":"https:\/\/www.lacavedeslecteurs.com\/index.php\/wp-json\/wp\/v2\/media\/16975"}],"wp:attachment":[{"href":"https:\/\/www.lacavedeslecteurs.com\/index.php\/wp-json\/wp\/v2\/media?parent=11524"}],"wp:term":[{"taxonomy":"product_brand","embeddable":true,"href":"https:\/\/www.lacavedeslecteurs.com\/index.php\/wp-json\/wp\/v2\/product_brand?post=11524"},{"taxonomy":"product_cat","embeddable":true,"href":"https:\/\/www.lacavedeslecteurs.com\/index.php\/wp-json\/wp\/v2\/product_cat?post=11524"},{"taxonomy":"product_tag","embeddable":true,"href":"https:\/\/www.lacavedeslecteurs.com\/index.php\/wp-json\/wp\/v2\/product_tag?post=11524"}],"curies":[{"name":"wp","href":"https:\/\/api.w.org\/{rel}","templated":true}]}}