{"id":11532,"date":"2025-12-31T13:00:27","date_gmt":"2025-12-31T13:00:27","guid":{"rendered":"https:\/\/www.lacavedeslecteurs.com\/index.php\/product\/domaine-des-perdrix\/"},"modified":"2026-02-13T15:32:41","modified_gmt":"2026-02-13T15:32:41","slug":"domaine-des-perdrix","status":"publish","type":"product","link":"https:\/\/www.lacavedeslecteurs.com\/index.php\/product\/domaine-des-perdrix\/","title":{"rendered":"Domaine Des Perdrix - 2016"},"content":{"rendered":"<p>Qu&rsquo;on n&rsquo;en doute pas, le domaine des Perdrix est un tr\u00e8s grand domaine. Confidentiel et peu connu en France, il produit des vins d&rsquo;une grande stature. Ce 2016 sera \u00e0 point pour \u00eatre d\u00e9gust\u00e9 dans les 5 ans \u00e0 venir. <\/p>\n","protected":false},"excerpt":{"rendered":"<p>Qu&rsquo;on n&rsquo;en doute pas, le domaine des Perdrix est un tr\u00e8s grand domaine. Confidentiel et peu connu en France, il produit des vins d&rsquo;une grande stature. Ce 2016 sera \u00e0 point pour \u00eatre d\u00e9gust\u00e9 dans les 5 ans \u00e0 venir.<\/p>\n","protected":false},"featured_media":16833,"comment_status":"open","ping_status":"closed","template":"","meta":[],"product_brand":[],"product_cat":[21,365,138,27],"product_tag":[],"class_list":{"0":"post-11532","1":"product","2":"type-product","3":"status-publish","4":"has-post-thumbnail","6":"product_cat-bourgogne","7":"product_cat-categorie","8":"product_cat-couleurs","9":"product_cat-rouge","11":"first","12":"instock","13":"sale","14":"taxable","15":"shipping-taxable","16":"purchasable","17":"product-type-simple"},"_links":{"self":[{"href":"https:\/\/www.lacavedeslecteurs.com\/index.php\/wp-json\/wp\/v2\/product\/11532","targetHints":{"allow":["GET"]}}],"collection":[{"href":"https:\/\/www.lacavedeslecteurs.com\/index.php\/wp-json\/wp\/v2\/product"}],"about":[{"href":"https:\/\/www.lacavedeslecteurs.com\/index.php\/wp-json\/wp\/v2\/types\/product"}],"replies":[{"embeddable":true,"href":"https:\/\/www.lacavedeslecteurs.com\/index.php\/wp-json\/wp\/v2\/comments?post=11532"}],"wp:featuredmedia":[{"embeddable":true,"href":"https:\/\/www.lacavedeslecteurs.com\/index.php\/wp-json\/wp\/v2\/media\/16833"}],"wp:attachment":[{"href":"https:\/\/www.lacavedeslecteurs.com\/index.php\/wp-json\/wp\/v2\/media?parent=11532"}],"wp:term":[{"taxonomy":"product_brand","embeddable":true,"href":"https:\/\/www.lacavedeslecteurs.com\/index.php\/wp-json\/wp\/v2\/product_brand?post=11532"},{"taxonomy":"product_cat","embeddable":true,"href":"https:\/\/www.lacavedeslecteurs.com\/index.php\/wp-json\/wp\/v2\/product_cat?post=11532"},{"taxonomy":"product_tag","embeddable":true,"href":"https:\/\/www.lacavedeslecteurs.com\/index.php\/wp-json\/wp\/v2\/product_tag?post=11532"}],"curies":[{"name":"wp","href":"https:\/\/api.w.org\/{rel}","templated":true}]}}