{"id":11535,"date":"2025-12-31T13:00:30","date_gmt":"2025-12-31T13:00:30","guid":{"rendered":"https:\/\/www.lacavedeslecteurs.com\/index.php\/product\/domaine-la-barroche-pure\/"},"modified":"2026-02-13T15:37:10","modified_gmt":"2026-02-13T15:37:10","slug":"domaine-la-barroche-pure","status":"publish","type":"product","link":"https:\/\/www.lacavedeslecteurs.com\/index.php\/product\/domaine-la-barroche-pure\/","title":{"rendered":"Domaine La Barroche Pure - 2019"},"content":{"rendered":"<p>Il r\u00e9unit l&rsquo;\u00e9quilibre, l&rsquo;authenticit\u00e9 ainsi que le caract\u00e8re flamboyant de Ch\u00e2teauneuf-du-Pape. Un vin singulier, fin, soyeux et opulent dont la signature ne fait aucun doute. Sa robe profonde, son nez floral, sa bouche fra\u00eeche, pleine de fruits m\u00fbrs et de notes cacaot\u00e9es, et sa finale toute en dentelle en font un grand vin.<\/p>\n","protected":false},"excerpt":{"rendered":"<p>Il r\u00e9unit l&rsquo;\u00e9quilibre, l&rsquo;authenticit\u00e9 ainsi que le caract\u00e8re flamboyant de Ch\u00e2teauneuf-du-Pape. Un vin singulier, fin, soyeux et opulent dont la signature ne fait aucun doute. Sa robe profonde, son nez floral, sa bouche fra\u00eeche, pleine de fruits m\u00fbrs et de notes cacaot\u00e9es, et sa finale toute en dentelle en font un grand vin.<\/p>\n","protected":false},"featured_media":16968,"comment_status":"open","ping_status":"closed","template":"","meta":[],"product_brand":[],"product_cat":[365,138,66,27],"product_tag":[],"class_list":{"0":"post-11535","1":"product","2":"type-product","3":"status-publish","4":"has-post-thumbnail","6":"product_cat-categorie","7":"product_cat-couleurs","8":"product_cat-rhone","9":"product_cat-rouge","11":"first","12":"instock","13":"sale","14":"taxable","15":"shipping-taxable","16":"purchasable","17":"product-type-simple"},"_links":{"self":[{"href":"https:\/\/www.lacavedeslecteurs.com\/index.php\/wp-json\/wp\/v2\/product\/11535","targetHints":{"allow":["GET"]}}],"collection":[{"href":"https:\/\/www.lacavedeslecteurs.com\/index.php\/wp-json\/wp\/v2\/product"}],"about":[{"href":"https:\/\/www.lacavedeslecteurs.com\/index.php\/wp-json\/wp\/v2\/types\/product"}],"replies":[{"embeddable":true,"href":"https:\/\/www.lacavedeslecteurs.com\/index.php\/wp-json\/wp\/v2\/comments?post=11535"}],"wp:featuredmedia":[{"embeddable":true,"href":"https:\/\/www.lacavedeslecteurs.com\/index.php\/wp-json\/wp\/v2\/media\/16968"}],"wp:attachment":[{"href":"https:\/\/www.lacavedeslecteurs.com\/index.php\/wp-json\/wp\/v2\/media?parent=11535"}],"wp:term":[{"taxonomy":"product_brand","embeddable":true,"href":"https:\/\/www.lacavedeslecteurs.com\/index.php\/wp-json\/wp\/v2\/product_brand?post=11535"},{"taxonomy":"product_cat","embeddable":true,"href":"https:\/\/www.lacavedeslecteurs.com\/index.php\/wp-json\/wp\/v2\/product_cat?post=11535"},{"taxonomy":"product_tag","embeddable":true,"href":"https:\/\/www.lacavedeslecteurs.com\/index.php\/wp-json\/wp\/v2\/product_tag?post=11535"}],"curies":[{"name":"wp","href":"https:\/\/api.w.org\/{rel}","templated":true}]}}