{"id":11536,"date":"2025-12-31T13:00:30","date_gmt":"2025-12-31T13:00:30","guid":{"rendered":"https:\/\/www.lacavedeslecteurs.com\/index.php\/product\/domaine-stephane-montez-les-grandes-places\/"},"modified":"2026-02-13T15:37:11","modified_gmt":"2026-02-13T15:37:11","slug":"domaine-stephane-montez-les-grandes-places","status":"publish","type":"product","link":"https:\/\/www.lacavedeslecteurs.com\/index.php\/product\/domaine-stephane-montez-les-grandes-places\/","title":{"rendered":"Domaine St\u00e9phane Montez Les Grandes Places - 2018"},"content":{"rendered":"<p>Depuis 1741, les anc\u00eatres de la famille Montez ont acquis, le Domaine du Monteillet. Ces 9 g\u00e9n\u00e9rations successives ont transmis \u00e0 St\u00e9phane Montez une expertise hors du commun. Toujours en recherche, il continue \u00e0 affiner chaque d\u00e9tail et met \u00e0 profit ses deux ann\u00e9es de travail dans diff\u00e9rents vignobles du monde pour produire des cuv\u00e9es d&rsquo;une qualit\u00e9 rare. Un domaine \u00e0 conna\u00eetre !<\/p>\n","protected":false},"excerpt":{"rendered":"<p>Depuis 1741, les anc\u00eatres de la famille Montez ont acquis, le Domaine du Monteillet. Ces 9 g\u00e9n\u00e9rations successives ont transmis \u00e0 St\u00e9phane Montez une expertise hors du commun. Toujours en recherche, il continue \u00e0 affiner chaque d\u00e9tail et met \u00e0 profit ses deux ann\u00e9es de travail dans diff\u00e9rents vignobles du monde pour produire des cuv\u00e9es [&hellip;]<\/p>\n","protected":false},"featured_media":16969,"comment_status":"open","ping_status":"closed","template":"","meta":[],"product_brand":[],"product_cat":[365,138,66,27],"product_tag":[],"class_list":{"0":"post-11536","1":"product","2":"type-product","3":"status-publish","4":"has-post-thumbnail","6":"product_cat-categorie","7":"product_cat-couleurs","8":"product_cat-rhone","9":"product_cat-rouge","11":"first","12":"instock","13":"sale","14":"taxable","15":"shipping-taxable","16":"purchasable","17":"product-type-simple"},"_links":{"self":[{"href":"https:\/\/www.lacavedeslecteurs.com\/index.php\/wp-json\/wp\/v2\/product\/11536","targetHints":{"allow":["GET"]}}],"collection":[{"href":"https:\/\/www.lacavedeslecteurs.com\/index.php\/wp-json\/wp\/v2\/product"}],"about":[{"href":"https:\/\/www.lacavedeslecteurs.com\/index.php\/wp-json\/wp\/v2\/types\/product"}],"replies":[{"embeddable":true,"href":"https:\/\/www.lacavedeslecteurs.com\/index.php\/wp-json\/wp\/v2\/comments?post=11536"}],"wp:featuredmedia":[{"embeddable":true,"href":"https:\/\/www.lacavedeslecteurs.com\/index.php\/wp-json\/wp\/v2\/media\/16969"}],"wp:attachment":[{"href":"https:\/\/www.lacavedeslecteurs.com\/index.php\/wp-json\/wp\/v2\/media?parent=11536"}],"wp:term":[{"taxonomy":"product_brand","embeddable":true,"href":"https:\/\/www.lacavedeslecteurs.com\/index.php\/wp-json\/wp\/v2\/product_brand?post=11536"},{"taxonomy":"product_cat","embeddable":true,"href":"https:\/\/www.lacavedeslecteurs.com\/index.php\/wp-json\/wp\/v2\/product_cat?post=11536"},{"taxonomy":"product_tag","embeddable":true,"href":"https:\/\/www.lacavedeslecteurs.com\/index.php\/wp-json\/wp\/v2\/product_tag?post=11536"}],"curies":[{"name":"wp","href":"https:\/\/api.w.org\/{rel}","templated":true}]}}