{"id":11537,"date":"2025-12-31T13:00:30","date_gmt":"2025-12-31T13:00:30","guid":{"rendered":"https:\/\/www.lacavedeslecteurs.com\/index.php\/product\/domaine-de-la-vieille-julienne-reserve-bio\/"},"modified":"2026-02-13T15:37:12","modified_gmt":"2026-02-13T15:37:12","slug":"domaine-de-la-vieille-julienne-reserve-bio","status":"publish","type":"product","link":"https:\/\/www.lacavedeslecteurs.com\/index.php\/product\/domaine-de-la-vieille-julienne-reserve-bio\/","title":{"rendered":"Domaine de La Vieille Julienne R\u00e9serv\u00e9 BIO - 2016"},"content":{"rendered":"<p>Le fruit confidentiel issu d&rsquo;un terroir voisin de Rayas. Un travail d&rsquo;orf\u00e8vre, minutieux, pour un r\u00e9sultat \u00e9poustouflant. Une profondeur sans \u00e9gal synonyme d&rsquo;un moment d&rsquo;exception dans dix ans.<\/p>\n","protected":false},"excerpt":{"rendered":"<p>Le fruit confidentiel issu d&rsquo;un terroir voisin de Rayas. Un travail d&rsquo;orf\u00e8vre, minutieux, pour un r\u00e9sultat \u00e9poustouflant. Une profondeur sans \u00e9gal synonyme d&rsquo;un moment d&rsquo;exception dans dix ans.<\/p>\n","protected":false},"featured_media":16970,"comment_status":"open","ping_status":"closed","template":"","meta":[],"product_brand":[],"product_cat":[365,138,66,27],"product_tag":[],"class_list":{"0":"post-11537","1":"product","2":"type-product","3":"status-publish","4":"has-post-thumbnail","6":"product_cat-categorie","7":"product_cat-couleurs","8":"product_cat-rhone","9":"product_cat-rouge","11":"first","12":"instock","13":"sale","14":"taxable","15":"shipping-taxable","16":"purchasable","17":"product-type-simple"},"_links":{"self":[{"href":"https:\/\/www.lacavedeslecteurs.com\/index.php\/wp-json\/wp\/v2\/product\/11537","targetHints":{"allow":["GET"]}}],"collection":[{"href":"https:\/\/www.lacavedeslecteurs.com\/index.php\/wp-json\/wp\/v2\/product"}],"about":[{"href":"https:\/\/www.lacavedeslecteurs.com\/index.php\/wp-json\/wp\/v2\/types\/product"}],"replies":[{"embeddable":true,"href":"https:\/\/www.lacavedeslecteurs.com\/index.php\/wp-json\/wp\/v2\/comments?post=11537"}],"wp:featuredmedia":[{"embeddable":true,"href":"https:\/\/www.lacavedeslecteurs.com\/index.php\/wp-json\/wp\/v2\/media\/16970"}],"wp:attachment":[{"href":"https:\/\/www.lacavedeslecteurs.com\/index.php\/wp-json\/wp\/v2\/media?parent=11537"}],"wp:term":[{"taxonomy":"product_brand","embeddable":true,"href":"https:\/\/www.lacavedeslecteurs.com\/index.php\/wp-json\/wp\/v2\/product_brand?post=11537"},{"taxonomy":"product_cat","embeddable":true,"href":"https:\/\/www.lacavedeslecteurs.com\/index.php\/wp-json\/wp\/v2\/product_cat?post=11537"},{"taxonomy":"product_tag","embeddable":true,"href":"https:\/\/www.lacavedeslecteurs.com\/index.php\/wp-json\/wp\/v2\/product_tag?post=11537"}],"curies":[{"name":"wp","href":"https:\/\/api.w.org\/{rel}","templated":true}]}}