{"id":11539,"date":"2025-12-31T13:00:31","date_gmt":"2025-12-31T13:00:31","guid":{"rendered":"https:\/\/www.lacavedeslecteurs.com\/index.php\/product\/maison-e-guigal-la-mouline\/"},"modified":"2026-02-13T15:37:15","modified_gmt":"2026-02-13T15:37:15","slug":"maison-e-guigal-la-mouline","status":"publish","type":"product","link":"https:\/\/www.lacavedeslecteurs.com\/index.php\/product\/maison-e-guigal-la-mouline\/","title":{"rendered":"Maison E. Guigal La Mouline - 2017"},"content":{"rendered":"<p>Cuv\u00e9e de l\u00e9gende. La d\u00e9finition de l&rsquo;h\u00e9donisme sur la C\u00f4te Blonde. \u00ab\u00a0La puret\u00e9 \u00e0 l&rsquo;\u00e9tat pur\u00a0\u00bb Robert Parker. F\u00e9minin, voluptueux et velout\u00e9, aux saveurs intenses pour un grand moment !<\/p>\n","protected":false},"excerpt":{"rendered":"<p>Cuv\u00e9e de l\u00e9gende. La d\u00e9finition de l&rsquo;h\u00e9donisme sur la C\u00f4te Blonde. \u00ab\u00a0La puret\u00e9 \u00e0 l&rsquo;\u00e9tat pur\u00a0\u00bb Robert Parker. F\u00e9minin, voluptueux et velout\u00e9, aux saveurs intenses pour un grand moment !<\/p>\n","protected":false},"featured_media":16972,"comment_status":"open","ping_status":"closed","template":"","meta":[],"product_brand":[],"product_cat":[365,138,66,27],"product_tag":[],"class_list":{"0":"post-11539","1":"product","2":"type-product","3":"status-publish","4":"has-post-thumbnail","6":"product_cat-categorie","7":"product_cat-couleurs","8":"product_cat-rhone","9":"product_cat-rouge","11":"first","12":"instock","13":"sale","14":"taxable","15":"shipping-taxable","16":"purchasable","17":"product-type-simple"},"_links":{"self":[{"href":"https:\/\/www.lacavedeslecteurs.com\/index.php\/wp-json\/wp\/v2\/product\/11539","targetHints":{"allow":["GET"]}}],"collection":[{"href":"https:\/\/www.lacavedeslecteurs.com\/index.php\/wp-json\/wp\/v2\/product"}],"about":[{"href":"https:\/\/www.lacavedeslecteurs.com\/index.php\/wp-json\/wp\/v2\/types\/product"}],"replies":[{"embeddable":true,"href":"https:\/\/www.lacavedeslecteurs.com\/index.php\/wp-json\/wp\/v2\/comments?post=11539"}],"wp:featuredmedia":[{"embeddable":true,"href":"https:\/\/www.lacavedeslecteurs.com\/index.php\/wp-json\/wp\/v2\/media\/16972"}],"wp:attachment":[{"href":"https:\/\/www.lacavedeslecteurs.com\/index.php\/wp-json\/wp\/v2\/media?parent=11539"}],"wp:term":[{"taxonomy":"product_brand","embeddable":true,"href":"https:\/\/www.lacavedeslecteurs.com\/index.php\/wp-json\/wp\/v2\/product_brand?post=11539"},{"taxonomy":"product_cat","embeddable":true,"href":"https:\/\/www.lacavedeslecteurs.com\/index.php\/wp-json\/wp\/v2\/product_cat?post=11539"},{"taxonomy":"product_tag","embeddable":true,"href":"https:\/\/www.lacavedeslecteurs.com\/index.php\/wp-json\/wp\/v2\/product_tag?post=11539"}],"curies":[{"name":"wp","href":"https:\/\/api.w.org\/{rel}","templated":true}]}}