{"id":11544,"date":"2025-12-31T13:00:32","date_gmt":"2025-12-31T13:00:32","guid":{"rendered":"https:\/\/www.lacavedeslecteurs.com\/index.php\/product\/domaine-tempier-cuvee-lulu-lucien\/"},"modified":"2026-02-13T15:40:50","modified_gmt":"2026-02-13T15:40:50","slug":"domaine-tempier-cuvee-lulu-lucien","status":"publish","type":"product","link":"https:\/\/www.lacavedeslecteurs.com\/index.php\/product\/domaine-tempier-cuvee-lulu-lucien\/","title":{"rendered":"Domaine Tempier Cuv\u00e9e Lulu &#038; Lucien - 2020"},"content":{"rendered":"<p>Quelle complexit\u00e9 ! Quels fruits m\u00fbrs ! Attendez un ou deux ans&#8230; voire 10 de plus si vous avez la patience. Ce sera un tr\u00e8s grand vin. Ce mill\u00e9sime 2020 est le premier \u00e0 s&rsquo;appeler \u00ab\u00a0Lulu et Lucien\u00a0\u00bb, un hommage \u00e0 l&rsquo;histoire familiale du domaine.<\/p>\n","protected":false},"excerpt":{"rendered":"<p>Quelle complexit\u00e9 ! Quels fruits m\u00fbrs ! Attendez un ou deux ans&#8230; voire 10 de plus si vous avez la patience. Ce sera un tr\u00e8s grand vin. Ce mill\u00e9sime 2020 est le premier \u00e0 s&rsquo;appeler \u00ab\u00a0Lulu et Lucien\u00a0\u00bb, un hommage \u00e0 l&rsquo;histoire familiale du domaine.<\/p>\n","protected":false},"featured_media":17082,"comment_status":"open","ping_status":"closed","template":"","meta":[],"product_brand":[],"product_cat":[365,138,27,54],"product_tag":[],"class_list":{"0":"post-11544","1":"product","2":"type-product","3":"status-publish","4":"has-post-thumbnail","6":"product_cat-categorie","7":"product_cat-couleurs","8":"product_cat-rouge","9":"product_cat-vins-du-sud","11":"first","12":"instock","13":"sale","14":"taxable","15":"shipping-taxable","16":"purchasable","17":"product-type-simple"},"_links":{"self":[{"href":"https:\/\/www.lacavedeslecteurs.com\/index.php\/wp-json\/wp\/v2\/product\/11544","targetHints":{"allow":["GET"]}}],"collection":[{"href":"https:\/\/www.lacavedeslecteurs.com\/index.php\/wp-json\/wp\/v2\/product"}],"about":[{"href":"https:\/\/www.lacavedeslecteurs.com\/index.php\/wp-json\/wp\/v2\/types\/product"}],"replies":[{"embeddable":true,"href":"https:\/\/www.lacavedeslecteurs.com\/index.php\/wp-json\/wp\/v2\/comments?post=11544"}],"wp:featuredmedia":[{"embeddable":true,"href":"https:\/\/www.lacavedeslecteurs.com\/index.php\/wp-json\/wp\/v2\/media\/17082"}],"wp:attachment":[{"href":"https:\/\/www.lacavedeslecteurs.com\/index.php\/wp-json\/wp\/v2\/media?parent=11544"}],"wp:term":[{"taxonomy":"product_brand","embeddable":true,"href":"https:\/\/www.lacavedeslecteurs.com\/index.php\/wp-json\/wp\/v2\/product_brand?post=11544"},{"taxonomy":"product_cat","embeddable":true,"href":"https:\/\/www.lacavedeslecteurs.com\/index.php\/wp-json\/wp\/v2\/product_cat?post=11544"},{"taxonomy":"product_tag","embeddable":true,"href":"https:\/\/www.lacavedeslecteurs.com\/index.php\/wp-json\/wp\/v2\/product_tag?post=11544"}],"curies":[{"name":"wp","href":"https:\/\/api.w.org\/{rel}","templated":true}]}}