{"id":11549,"date":"2025-12-31T13:00:33","date_gmt":"2025-12-31T13:00:33","guid":{"rendered":"https:\/\/www.lacavedeslecteurs.com\/index.php\/product\/chateau-la-negly-clos-des-truffiers\/"},"modified":"2026-02-13T15:40:56","modified_gmt":"2026-02-13T15:40:56","slug":"chateau-la-negly-clos-des-truffiers","status":"publish","type":"product","link":"https:\/\/www.lacavedeslecteurs.com\/index.php\/product\/chateau-la-negly-clos-des-truffiers\/","title":{"rendered":"Ch\u00e2teau La N\u00e9gly Clos des Truffiers - 2018"},"content":{"rendered":"<p>La Clape est un terroir atypique, un \u00eelot de nature pr\u00e9serv\u00e9 dans une montagne rattach\u00e9e \u00e0 la terre, entour\u00e9e par la mer et des lacs. Domaine tr\u00e8s pointu qui allie tradition et technicit\u00e9. Le nez associe des ar\u00f4mes de cassis, avec des notes de r\u00e9glisse.<\/p>\n","protected":false},"excerpt":{"rendered":"<p>La Clape est un terroir atypique, un \u00eelot de nature pr\u00e9serv\u00e9 dans une montagne rattach\u00e9e \u00e0 la terre, entour\u00e9e par la mer et des lacs. Domaine tr\u00e8s pointu qui allie tradition et technicit\u00e9. Le nez associe des ar\u00f4mes de cassis, avec des notes de r\u00e9glisse.<\/p>\n","protected":false},"featured_media":17086,"comment_status":"open","ping_status":"closed","template":"","meta":[],"product_brand":[],"product_cat":[365,138,27,54],"product_tag":[],"class_list":{"0":"post-11549","1":"product","2":"type-product","3":"status-publish","4":"has-post-thumbnail","6":"product_cat-categorie","7":"product_cat-couleurs","8":"product_cat-rouge","9":"product_cat-vins-du-sud","11":"first","12":"instock","13":"sale","14":"taxable","15":"shipping-taxable","16":"purchasable","17":"product-type-simple"},"_links":{"self":[{"href":"https:\/\/www.lacavedeslecteurs.com\/index.php\/wp-json\/wp\/v2\/product\/11549","targetHints":{"allow":["GET"]}}],"collection":[{"href":"https:\/\/www.lacavedeslecteurs.com\/index.php\/wp-json\/wp\/v2\/product"}],"about":[{"href":"https:\/\/www.lacavedeslecteurs.com\/index.php\/wp-json\/wp\/v2\/types\/product"}],"replies":[{"embeddable":true,"href":"https:\/\/www.lacavedeslecteurs.com\/index.php\/wp-json\/wp\/v2\/comments?post=11549"}],"wp:featuredmedia":[{"embeddable":true,"href":"https:\/\/www.lacavedeslecteurs.com\/index.php\/wp-json\/wp\/v2\/media\/17086"}],"wp:attachment":[{"href":"https:\/\/www.lacavedeslecteurs.com\/index.php\/wp-json\/wp\/v2\/media?parent=11549"}],"wp:term":[{"taxonomy":"product_brand","embeddable":true,"href":"https:\/\/www.lacavedeslecteurs.com\/index.php\/wp-json\/wp\/v2\/product_brand?post=11549"},{"taxonomy":"product_cat","embeddable":true,"href":"https:\/\/www.lacavedeslecteurs.com\/index.php\/wp-json\/wp\/v2\/product_cat?post=11549"},{"taxonomy":"product_tag","embeddable":true,"href":"https:\/\/www.lacavedeslecteurs.com\/index.php\/wp-json\/wp\/v2\/product_tag?post=11549"}],"curies":[{"name":"wp","href":"https:\/\/api.w.org\/{rel}","templated":true}]}}