{"id":11550,"date":"2025-12-31T13:00:35","date_gmt":"2025-12-31T13:00:35","guid":{"rendered":"https:\/\/www.lacavedeslecteurs.com\/index.php\/product\/tokaji-hetszolo-5-puttonyos-aszu-moelleux\/"},"modified":"2026-02-13T15:39:27","modified_gmt":"2026-02-13T15:39:27","slug":"tokaji-hetszolo-5-puttonyos-aszu-moelleux","status":"publish","type":"product","link":"https:\/\/www.lacavedeslecteurs.com\/index.php\/product\/tokaji-hetszolo-5-puttonyos-aszu-moelleux\/","title":{"rendered":"Tokaji Hetszolo 5 Puttonyos Aszu Moelleux - 2010"},"content":{"rendered":"<p>2010, mill\u00e9sime exceptionnel en Hongrie, a produit un \u00ab\u00a0asz\u00fa\u00a0\u00bb extr\u00eame avec une acidit\u00e9 \u00e9lev\u00e9e et \u00e9l\u00e9gante qui, avec un taux de sucre \u00e9lev\u00e9, nous permet de profiter d&rsquo;une belle fra\u00eecheur pendant des d\u00e9cennies !<\/p>\n","protected":false},"excerpt":{"rendered":"<p>2010, mill\u00e9sime exceptionnel en Hongrie, a produit un \u00ab\u00a0asz\u00fa\u00a0\u00bb extr\u00eame avec une acidit\u00e9 \u00e9lev\u00e9e et \u00e9l\u00e9gante qui, avec un taux de sucre \u00e9lev\u00e9, nous permet de profiter d&rsquo;une belle fra\u00eecheur pendant des d\u00e9cennies !<\/p>\n","protected":false},"featured_media":17038,"comment_status":"open","ping_status":"closed","template":"","meta":[],"product_brand":[],"product_cat":[41,365,138,56],"product_tag":[],"class_list":{"0":"post-11550","1":"product","2":"type-product","3":"status-publish","4":"has-post-thumbnail","6":"product_cat-blanc","7":"product_cat-categorie","8":"product_cat-couleurs","9":"product_cat-vins-du-monde","11":"first","12":"instock","13":"sale","14":"taxable","15":"shipping-taxable","16":"purchasable","17":"product-type-simple"},"_links":{"self":[{"href":"https:\/\/www.lacavedeslecteurs.com\/index.php\/wp-json\/wp\/v2\/product\/11550","targetHints":{"allow":["GET"]}}],"collection":[{"href":"https:\/\/www.lacavedeslecteurs.com\/index.php\/wp-json\/wp\/v2\/product"}],"about":[{"href":"https:\/\/www.lacavedeslecteurs.com\/index.php\/wp-json\/wp\/v2\/types\/product"}],"replies":[{"embeddable":true,"href":"https:\/\/www.lacavedeslecteurs.com\/index.php\/wp-json\/wp\/v2\/comments?post=11550"}],"wp:featuredmedia":[{"embeddable":true,"href":"https:\/\/www.lacavedeslecteurs.com\/index.php\/wp-json\/wp\/v2\/media\/17038"}],"wp:attachment":[{"href":"https:\/\/www.lacavedeslecteurs.com\/index.php\/wp-json\/wp\/v2\/media?parent=11550"}],"wp:term":[{"taxonomy":"product_brand","embeddable":true,"href":"https:\/\/www.lacavedeslecteurs.com\/index.php\/wp-json\/wp\/v2\/product_brand?post=11550"},{"taxonomy":"product_cat","embeddable":true,"href":"https:\/\/www.lacavedeslecteurs.com\/index.php\/wp-json\/wp\/v2\/product_cat?post=11550"},{"taxonomy":"product_tag","embeddable":true,"href":"https:\/\/www.lacavedeslecteurs.com\/index.php\/wp-json\/wp\/v2\/product_tag?post=11550"}],"curies":[{"name":"wp","href":"https:\/\/api.w.org\/{rel}","templated":true}]}}