{"id":11559,"date":"2025-12-31T13:00:38","date_gmt":"2025-12-31T13:00:38","guid":{"rendered":"https:\/\/www.lacavedeslecteurs.com\/index.php\/product\/domaine-michel-noellat-les-beaux-monts\/"},"modified":"2026-02-13T15:32:49","modified_gmt":"2026-02-13T15:32:49","slug":"domaine-michel-noellat-les-beaux-monts","status":"publish","type":"product","link":"https:\/\/www.lacavedeslecteurs.com\/index.php\/product\/domaine-michel-noellat-les-beaux-monts\/","title":{"rendered":"Domaine Michel No\u00ebllat Les Beaux Monts - 2016"},"content":{"rendered":"<p>D&rsquo;une expression aromatique intense, sur des notes de cassis, ce Vosne-Roman\u00e9e affiche une harmonie g\u00e9n\u00e9rale et une longueur qui en font un bon candidat pour une garde sereine, impression renforc\u00e9e par des tanins au touch\u00e9 fin et par une pointe de vivacit\u00e9 en finale.<\/p>\n","protected":false},"excerpt":{"rendered":"<p>D&rsquo;une expression aromatique intense, sur des notes de cassis, ce Vosne-Roman\u00e9e affiche une harmonie g\u00e9n\u00e9rale et une longueur qui en font un bon candidat pour une garde sereine, impression renforc\u00e9e par des tanins au touch\u00e9 fin et par une pointe de vivacit\u00e9 en finale.<\/p>\n","protected":false},"featured_media":16836,"comment_status":"open","ping_status":"closed","template":"","meta":[],"product_brand":[],"product_cat":[21,365,138,27],"product_tag":[],"class_list":{"0":"post-11559","1":"product","2":"type-product","3":"status-publish","4":"has-post-thumbnail","6":"product_cat-bourgogne","7":"product_cat-categorie","8":"product_cat-couleurs","9":"product_cat-rouge","11":"first","12":"instock","13":"sale","14":"taxable","15":"shipping-taxable","16":"purchasable","17":"product-type-simple"},"_links":{"self":[{"href":"https:\/\/www.lacavedeslecteurs.com\/index.php\/wp-json\/wp\/v2\/product\/11559","targetHints":{"allow":["GET"]}}],"collection":[{"href":"https:\/\/www.lacavedeslecteurs.com\/index.php\/wp-json\/wp\/v2\/product"}],"about":[{"href":"https:\/\/www.lacavedeslecteurs.com\/index.php\/wp-json\/wp\/v2\/types\/product"}],"replies":[{"embeddable":true,"href":"https:\/\/www.lacavedeslecteurs.com\/index.php\/wp-json\/wp\/v2\/comments?post=11559"}],"wp:featuredmedia":[{"embeddable":true,"href":"https:\/\/www.lacavedeslecteurs.com\/index.php\/wp-json\/wp\/v2\/media\/16836"}],"wp:attachment":[{"href":"https:\/\/www.lacavedeslecteurs.com\/index.php\/wp-json\/wp\/v2\/media?parent=11559"}],"wp:term":[{"taxonomy":"product_brand","embeddable":true,"href":"https:\/\/www.lacavedeslecteurs.com\/index.php\/wp-json\/wp\/v2\/product_brand?post=11559"},{"taxonomy":"product_cat","embeddable":true,"href":"https:\/\/www.lacavedeslecteurs.com\/index.php\/wp-json\/wp\/v2\/product_cat?post=11559"},{"taxonomy":"product_tag","embeddable":true,"href":"https:\/\/www.lacavedeslecteurs.com\/index.php\/wp-json\/wp\/v2\/product_tag?post=11559"}],"curies":[{"name":"wp","href":"https:\/\/api.w.org\/{rel}","templated":true}]}}