{"id":11566,"date":"2025-12-31T13:00:42","date_gmt":"2025-12-31T13:00:42","guid":{"rendered":"https:\/\/www.lacavedeslecteurs.com\/index.php\/product\/single-malt-japonais-nikka-yoichi-45\/"},"modified":"2026-02-13T15:38:36","modified_gmt":"2026-02-13T15:38:36","slug":"single-malt-japonais-nikka-yoichi-45","status":"publish","type":"product","link":"https:\/\/www.lacavedeslecteurs.com\/index.php\/product\/single-malt-japonais-nikka-yoichi-45\/","title":{"rendered":"Single Malt Japonais Nikka Yoichi, 45\u00b0"},"content":{"rendered":"<p>\u00ab\u00a0Yoichi\u00a0\u00bb est l\u2019expression aromatique fum\u00e9e, fruit\u00e9e et tourb\u00e9e d\u2019un pur malt issu d\u2019une seule et m\u00eame distillerie, \u00e0 l\u2019image d\u2019une cuv\u00e9e parcellaire en vin. <\/p>\n","protected":false},"excerpt":{"rendered":"<p>\u00ab\u00a0Yoichi\u00a0\u00bb est l\u2019expression aromatique fum\u00e9e, fruit\u00e9e et tourb\u00e9e d\u2019un pur malt issu d\u2019une seule et m\u00eame distillerie, \u00e0 l\u2019image d\u2019une cuv\u00e9e parcellaire en vin.<\/p>\n","protected":false},"featured_media":17015,"comment_status":"open","ping_status":"closed","template":"","meta":[],"product_brand":[],"product_cat":[365,59],"product_tag":[],"class_list":{"0":"post-11566","1":"product","2":"type-product","3":"status-publish","4":"has-post-thumbnail","6":"product_cat-categorie","7":"product_cat-spiritueux","9":"first","10":"instock","11":"sale","12":"taxable","13":"shipping-taxable","14":"purchasable","15":"product-type-simple"},"_links":{"self":[{"href":"https:\/\/www.lacavedeslecteurs.com\/index.php\/wp-json\/wp\/v2\/product\/11566","targetHints":{"allow":["GET"]}}],"collection":[{"href":"https:\/\/www.lacavedeslecteurs.com\/index.php\/wp-json\/wp\/v2\/product"}],"about":[{"href":"https:\/\/www.lacavedeslecteurs.com\/index.php\/wp-json\/wp\/v2\/types\/product"}],"replies":[{"embeddable":true,"href":"https:\/\/www.lacavedeslecteurs.com\/index.php\/wp-json\/wp\/v2\/comments?post=11566"}],"wp:featuredmedia":[{"embeddable":true,"href":"https:\/\/www.lacavedeslecteurs.com\/index.php\/wp-json\/wp\/v2\/media\/17015"}],"wp:attachment":[{"href":"https:\/\/www.lacavedeslecteurs.com\/index.php\/wp-json\/wp\/v2\/media?parent=11566"}],"wp:term":[{"taxonomy":"product_brand","embeddable":true,"href":"https:\/\/www.lacavedeslecteurs.com\/index.php\/wp-json\/wp\/v2\/product_brand?post=11566"},{"taxonomy":"product_cat","embeddable":true,"href":"https:\/\/www.lacavedeslecteurs.com\/index.php\/wp-json\/wp\/v2\/product_cat?post=11566"},{"taxonomy":"product_tag","embeddable":true,"href":"https:\/\/www.lacavedeslecteurs.com\/index.php\/wp-json\/wp\/v2\/product_tag?post=11566"}],"curies":[{"name":"wp","href":"https:\/\/api.w.org\/{rel}","templated":true}]}}