{"id":11568,"date":"2025-12-31T13:00:43","date_gmt":"2025-12-31T13:00:43","guid":{"rendered":"https:\/\/www.lacavedeslecteurs.com\/index.php\/product\/champagne-bollinger-special-cuvee-brut\/"},"modified":"2026-02-13T15:33:48","modified_gmt":"2026-02-13T15:33:48","slug":"champagne-bollinger-special-cuvee-brut","status":"publish","type":"product","link":"https:\/\/www.lacavedeslecteurs.com\/index.php\/product\/champagne-bollinger-special-cuvee-brut\/","title":{"rendered":"Champagne Bollinger Sp\u00e9cial Cuv\u00e9e Brut"},"content":{"rendered":"<p>Cette maison mythique, qui a fait du c\u00e9page Pinot Noir issus de Premiers et Grands Crus sa colonne vert\u00e9brale, se distingue par la complexit\u00e9 de sa palette aromatique h\u00e9rit\u00e9e d&rsquo;un \u00e9levage en f\u00fbt de ch\u00eane. Le style est donc puissant et vineux. Un grand moment d&rsquo;\u00e9motion!<\/p>\n","protected":false},"excerpt":{"rendered":"<p>Cette maison mythique, qui a fait du c\u00e9page Pinot Noir issus de Premiers et Grands Crus sa colonne vert\u00e9brale, se distingue par la complexit\u00e9 de sa palette aromatique h\u00e9rit\u00e9e d&rsquo;un \u00e9levage en f\u00fbt de ch\u00eane. Le style est donc puissant et vineux. Un grand moment d&rsquo;\u00e9motion!<\/p>\n","protected":false},"featured_media":16866,"comment_status":"open","ping_status":"closed","template":"","meta":[],"product_brand":[],"product_cat":[41,365,19,138],"product_tag":[],"class_list":{"0":"post-11568","1":"product","2":"type-product","3":"status-publish","4":"has-post-thumbnail","6":"product_cat-blanc","7":"product_cat-categorie","8":"product_cat-champagne","9":"product_cat-couleurs","11":"first","12":"instock","13":"sale","14":"taxable","15":"shipping-taxable","16":"purchasable","17":"product-type-simple"},"_links":{"self":[{"href":"https:\/\/www.lacavedeslecteurs.com\/index.php\/wp-json\/wp\/v2\/product\/11568","targetHints":{"allow":["GET"]}}],"collection":[{"href":"https:\/\/www.lacavedeslecteurs.com\/index.php\/wp-json\/wp\/v2\/product"}],"about":[{"href":"https:\/\/www.lacavedeslecteurs.com\/index.php\/wp-json\/wp\/v2\/types\/product"}],"replies":[{"embeddable":true,"href":"https:\/\/www.lacavedeslecteurs.com\/index.php\/wp-json\/wp\/v2\/comments?post=11568"}],"wp:featuredmedia":[{"embeddable":true,"href":"https:\/\/www.lacavedeslecteurs.com\/index.php\/wp-json\/wp\/v2\/media\/16866"}],"wp:attachment":[{"href":"https:\/\/www.lacavedeslecteurs.com\/index.php\/wp-json\/wp\/v2\/media?parent=11568"}],"wp:term":[{"taxonomy":"product_brand","embeddable":true,"href":"https:\/\/www.lacavedeslecteurs.com\/index.php\/wp-json\/wp\/v2\/product_brand?post=11568"},{"taxonomy":"product_cat","embeddable":true,"href":"https:\/\/www.lacavedeslecteurs.com\/index.php\/wp-json\/wp\/v2\/product_cat?post=11568"},{"taxonomy":"product_tag","embeddable":true,"href":"https:\/\/www.lacavedeslecteurs.com\/index.php\/wp-json\/wp\/v2\/product_tag?post=11568"}],"curies":[{"name":"wp","href":"https:\/\/api.w.org\/{rel}","templated":true}]}}