{"id":11577,"date":"2025-12-31T13:00:46","date_gmt":"2025-12-31T13:00:46","guid":{"rendered":"https:\/\/www.lacavedeslecteurs.com\/index.php\/product\/champagne-francinet-grand-cru-brut\/"},"modified":"2026-02-13T15:33:58","modified_gmt":"2026-02-13T15:33:58","slug":"champagne-francinet-grand-cru-brut","status":"publish","type":"product","link":"https:\/\/www.lacavedeslecteurs.com\/index.php\/product\/champagne-francinet-grand-cru-brut\/","title":{"rendered":"Champagne Francinet Grand Cru Brut"},"content":{"rendered":"<p>Fruit\u00e9, il met en valeur les saveurs particuli\u00e8res du Pinot Noir : petits fruits rouge, pivoine, \u00e9pices. Sa robe rose r\u00e9jouit autant l&rsquo;\u0153il que le palais. Sa fra\u00eecheur convient \u00e0 l&rsquo;ap\u00e9ritif et accompagnera \u00e0 merveille du veau.<\/p>\n","protected":false},"excerpt":{"rendered":"<p>Fruit\u00e9, il met en valeur les saveurs particuli\u00e8res du Pinot Noir : petits fruits rouge, pivoine, \u00e9pices. Sa robe rose r\u00e9jouit autant l&rsquo;\u0153il que le palais. Sa fra\u00eecheur convient \u00e0 l&rsquo;ap\u00e9ritif et accompagnera \u00e0 merveille du veau.<\/p>\n","protected":false},"featured_media":16870,"comment_status":"open","ping_status":"closed","template":"","meta":[],"product_brand":[],"product_cat":[41,365,19,138],"product_tag":[],"class_list":{"0":"post-11577","1":"product","2":"type-product","3":"status-publish","4":"has-post-thumbnail","6":"product_cat-blanc","7":"product_cat-categorie","8":"product_cat-champagne","9":"product_cat-couleurs","11":"first","12":"instock","13":"sale","14":"taxable","15":"shipping-taxable","16":"purchasable","17":"product-type-simple"},"_links":{"self":[{"href":"https:\/\/www.lacavedeslecteurs.com\/index.php\/wp-json\/wp\/v2\/product\/11577","targetHints":{"allow":["GET"]}}],"collection":[{"href":"https:\/\/www.lacavedeslecteurs.com\/index.php\/wp-json\/wp\/v2\/product"}],"about":[{"href":"https:\/\/www.lacavedeslecteurs.com\/index.php\/wp-json\/wp\/v2\/types\/product"}],"replies":[{"embeddable":true,"href":"https:\/\/www.lacavedeslecteurs.com\/index.php\/wp-json\/wp\/v2\/comments?post=11577"}],"wp:featuredmedia":[{"embeddable":true,"href":"https:\/\/www.lacavedeslecteurs.com\/index.php\/wp-json\/wp\/v2\/media\/16870"}],"wp:attachment":[{"href":"https:\/\/www.lacavedeslecteurs.com\/index.php\/wp-json\/wp\/v2\/media?parent=11577"}],"wp:term":[{"taxonomy":"product_brand","embeddable":true,"href":"https:\/\/www.lacavedeslecteurs.com\/index.php\/wp-json\/wp\/v2\/product_brand?post=11577"},{"taxonomy":"product_cat","embeddable":true,"href":"https:\/\/www.lacavedeslecteurs.com\/index.php\/wp-json\/wp\/v2\/product_cat?post=11577"},{"taxonomy":"product_tag","embeddable":true,"href":"https:\/\/www.lacavedeslecteurs.com\/index.php\/wp-json\/wp\/v2\/product_tag?post=11577"}],"curies":[{"name":"wp","href":"https:\/\/api.w.org\/{rel}","templated":true}]}}