{"id":11579,"date":"2025-12-31T13:00:47","date_gmt":"2025-12-31T13:00:47","guid":{"rendered":"https:\/\/www.lacavedeslecteurs.com\/index.php\/product\/gosset-grand-blanc-de-blancs\/"},"modified":"2026-02-13T15:34:00","modified_gmt":"2026-02-13T15:34:00","slug":"gosset-grand-blanc-de-blancs","status":"publish","type":"product","link":"https:\/\/www.lacavedeslecteurs.com\/index.php\/product\/gosset-grand-blanc-de-blancs\/","title":{"rendered":"Gosset Grand Blanc de Blancs"},"content":{"rendered":"<p>Une bulle fine et l\u00e9g\u00e8re. Nez complexe, avec des notes de fleurs et d&rsquo;agrumes li\u00e9es \u00e0 un douce min\u00e9ralit\u00e9. Une vivacit\u00e9 et une structure qui se pr\u00eatent \u00e0 un tartare de poisson ou un comt\u00e9 jeune et fruit\u00e9.<\/p>\n","protected":false},"excerpt":{"rendered":"<p>Une bulle fine et l\u00e9g\u00e8re. Nez complexe, avec des notes de fleurs et d&rsquo;agrumes li\u00e9es \u00e0 un douce min\u00e9ralit\u00e9. Une vivacit\u00e9 et une structure qui se pr\u00eatent \u00e0 un tartare de poisson ou un comt\u00e9 jeune et fruit\u00e9.<\/p>\n","protected":false},"featured_media":16871,"comment_status":"open","ping_status":"closed","template":"","meta":[],"product_brand":[],"product_cat":[41,365,19,138],"product_tag":[],"class_list":{"0":"post-11579","1":"product","2":"type-product","3":"status-publish","4":"has-post-thumbnail","6":"product_cat-blanc","7":"product_cat-categorie","8":"product_cat-champagne","9":"product_cat-couleurs","11":"first","12":"instock","13":"sale","14":"taxable","15":"shipping-taxable","16":"purchasable","17":"product-type-simple"},"_links":{"self":[{"href":"https:\/\/www.lacavedeslecteurs.com\/index.php\/wp-json\/wp\/v2\/product\/11579","targetHints":{"allow":["GET"]}}],"collection":[{"href":"https:\/\/www.lacavedeslecteurs.com\/index.php\/wp-json\/wp\/v2\/product"}],"about":[{"href":"https:\/\/www.lacavedeslecteurs.com\/index.php\/wp-json\/wp\/v2\/types\/product"}],"replies":[{"embeddable":true,"href":"https:\/\/www.lacavedeslecteurs.com\/index.php\/wp-json\/wp\/v2\/comments?post=11579"}],"wp:featuredmedia":[{"embeddable":true,"href":"https:\/\/www.lacavedeslecteurs.com\/index.php\/wp-json\/wp\/v2\/media\/16871"}],"wp:attachment":[{"href":"https:\/\/www.lacavedeslecteurs.com\/index.php\/wp-json\/wp\/v2\/media?parent=11579"}],"wp:term":[{"taxonomy":"product_brand","embeddable":true,"href":"https:\/\/www.lacavedeslecteurs.com\/index.php\/wp-json\/wp\/v2\/product_brand?post=11579"},{"taxonomy":"product_cat","embeddable":true,"href":"https:\/\/www.lacavedeslecteurs.com\/index.php\/wp-json\/wp\/v2\/product_cat?post=11579"},{"taxonomy":"product_tag","embeddable":true,"href":"https:\/\/www.lacavedeslecteurs.com\/index.php\/wp-json\/wp\/v2\/product_tag?post=11579"}],"curies":[{"name":"wp","href":"https:\/\/api.w.org\/{rel}","templated":true}]}}