{"id":11589,"date":"2025-12-31T13:00:51","date_gmt":"2025-12-31T13:00:51","guid":{"rendered":"https:\/\/www.lacavedeslecteurs.com\/index.php\/product\/champagne-charles-heidsieck-blanc-de-blancs\/"},"modified":"2026-02-13T15:34:11","modified_gmt":"2026-02-13T15:34:11","slug":"champagne-charles-heidsieck-blanc-de-blancs","status":"publish","type":"product","link":"https:\/\/www.lacavedeslecteurs.com\/index.php\/product\/champagne-charles-heidsieck-blanc-de-blancs\/","title":{"rendered":"Champagne Charles Heidsieck Blanc de blancs"},"content":{"rendered":"<p>Fraicheur et tension sont enrob\u00e9es dans cette cuv\u00e9e ; l\u2019attaque est franche, pure, sans agressivit\u00e9 avec une suavit\u00e9 presque atypique pour un Blanc de Blancs d\u00e9finit souvent comme plus anguleux que cr\u00e9meux. La finale \u00e9quilibr\u00e9e surprend par sa min\u00e9ralit\u00e9 et son c\u00f4t\u00e9 salin.<\/p>\n","protected":false},"excerpt":{"rendered":"<p>Fraicheur et tension sont enrob\u00e9es dans cette cuv\u00e9e ; l\u2019attaque est franche, pure, sans agressivit\u00e9 avec une suavit\u00e9 presque atypique pour un Blanc de Blancs d\u00e9finit souvent comme plus anguleux que cr\u00e9meux. La finale \u00e9quilibr\u00e9e surprend par sa min\u00e9ralit\u00e9 et son c\u00f4t\u00e9 salin.<\/p>\n","protected":false},"featured_media":16876,"comment_status":"open","ping_status":"closed","template":"","meta":[],"product_brand":[],"product_cat":[41,365,19,138],"product_tag":[],"class_list":{"0":"post-11589","1":"product","2":"type-product","3":"status-publish","4":"has-post-thumbnail","6":"product_cat-blanc","7":"product_cat-categorie","8":"product_cat-champagne","9":"product_cat-couleurs","11":"first","12":"instock","13":"sale","14":"taxable","15":"shipping-taxable","16":"purchasable","17":"product-type-simple"},"_links":{"self":[{"href":"https:\/\/www.lacavedeslecteurs.com\/index.php\/wp-json\/wp\/v2\/product\/11589","targetHints":{"allow":["GET"]}}],"collection":[{"href":"https:\/\/www.lacavedeslecteurs.com\/index.php\/wp-json\/wp\/v2\/product"}],"about":[{"href":"https:\/\/www.lacavedeslecteurs.com\/index.php\/wp-json\/wp\/v2\/types\/product"}],"replies":[{"embeddable":true,"href":"https:\/\/www.lacavedeslecteurs.com\/index.php\/wp-json\/wp\/v2\/comments?post=11589"}],"wp:featuredmedia":[{"embeddable":true,"href":"https:\/\/www.lacavedeslecteurs.com\/index.php\/wp-json\/wp\/v2\/media\/16876"}],"wp:attachment":[{"href":"https:\/\/www.lacavedeslecteurs.com\/index.php\/wp-json\/wp\/v2\/media?parent=11589"}],"wp:term":[{"taxonomy":"product_brand","embeddable":true,"href":"https:\/\/www.lacavedeslecteurs.com\/index.php\/wp-json\/wp\/v2\/product_brand?post=11589"},{"taxonomy":"product_cat","embeddable":true,"href":"https:\/\/www.lacavedeslecteurs.com\/index.php\/wp-json\/wp\/v2\/product_cat?post=11589"},{"taxonomy":"product_tag","embeddable":true,"href":"https:\/\/www.lacavedeslecteurs.com\/index.php\/wp-json\/wp\/v2\/product_tag?post=11589"}],"curies":[{"name":"wp","href":"https:\/\/api.w.org\/{rel}","templated":true}]}}