{"id":11591,"date":"2025-12-31T13:00:52","date_gmt":"2025-12-31T13:00:52","guid":{"rendered":"https:\/\/www.lacavedeslecteurs.com\/index.php\/product\/champagne-charles-heidsieck-rose-millesime\/"},"modified":"2026-02-13T15:34:14","modified_gmt":"2026-02-13T15:34:14","slug":"champagne-charles-heidsieck-rose-millesime","status":"publish","type":"product","link":"https:\/\/www.lacavedeslecteurs.com\/index.php\/product\/champagne-charles-heidsieck-rose-millesime\/","title":{"rendered":"Champagne Charles Heidsieck Ros\u00e9 Mill\u00e9sim\u00e9 - 2008"},"content":{"rendered":"<p>Le ros\u00e9 2008 occupera une place \u00e0 part dans la lign\u00e9e des ros\u00e9s mill\u00e9sim\u00e9s de la maison ; une long\u00e9vit\u00e9 remarquable l&#8217;emm\u00e8nera vers son apog\u00e9e dans la deuxi\u00e8me moiti\u00e9 du 21\u00e8me si\u00e8cle. Ce mill\u00e9sime va traverser le temps avec une insouciance et une fra\u00eecheur jubilatoires.<\/p>\n","protected":false},"excerpt":{"rendered":"<p>Le ros\u00e9 2008 occupera une place \u00e0 part dans la lign\u00e9e des ros\u00e9s mill\u00e9sim\u00e9s de la maison ; une long\u00e9vit\u00e9 remarquable l&#8217;emm\u00e8nera vers son apog\u00e9e dans la deuxi\u00e8me moiti\u00e9 du 21\u00e8me si\u00e8cle. Ce mill\u00e9sime va traverser le temps avec une insouciance et une fra\u00eecheur jubilatoires.<\/p>\n","protected":false},"featured_media":16877,"comment_status":"open","ping_status":"closed","template":"","meta":[],"product_brand":[],"product_cat":[365,19,138,55],"product_tag":[],"class_list":{"0":"post-11591","1":"product","2":"type-product","3":"status-publish","4":"has-post-thumbnail","6":"product_cat-categorie","7":"product_cat-champagne","8":"product_cat-couleurs","9":"product_cat-rose","11":"first","12":"instock","13":"sale","14":"taxable","15":"shipping-taxable","16":"purchasable","17":"product-type-simple"},"_links":{"self":[{"href":"https:\/\/www.lacavedeslecteurs.com\/index.php\/wp-json\/wp\/v2\/product\/11591","targetHints":{"allow":["GET"]}}],"collection":[{"href":"https:\/\/www.lacavedeslecteurs.com\/index.php\/wp-json\/wp\/v2\/product"}],"about":[{"href":"https:\/\/www.lacavedeslecteurs.com\/index.php\/wp-json\/wp\/v2\/types\/product"}],"replies":[{"embeddable":true,"href":"https:\/\/www.lacavedeslecteurs.com\/index.php\/wp-json\/wp\/v2\/comments?post=11591"}],"wp:featuredmedia":[{"embeddable":true,"href":"https:\/\/www.lacavedeslecteurs.com\/index.php\/wp-json\/wp\/v2\/media\/16877"}],"wp:attachment":[{"href":"https:\/\/www.lacavedeslecteurs.com\/index.php\/wp-json\/wp\/v2\/media?parent=11591"}],"wp:term":[{"taxonomy":"product_brand","embeddable":true,"href":"https:\/\/www.lacavedeslecteurs.com\/index.php\/wp-json\/wp\/v2\/product_brand?post=11591"},{"taxonomy":"product_cat","embeddable":true,"href":"https:\/\/www.lacavedeslecteurs.com\/index.php\/wp-json\/wp\/v2\/product_cat?post=11591"},{"taxonomy":"product_tag","embeddable":true,"href":"https:\/\/www.lacavedeslecteurs.com\/index.php\/wp-json\/wp\/v2\/product_tag?post=11591"}],"curies":[{"name":"wp","href":"https:\/\/api.w.org\/{rel}","templated":true}]}}