{"id":11597,"date":"2025-12-31T13:00:56","date_gmt":"2025-12-31T13:00:56","guid":{"rendered":"https:\/\/www.lacavedeslecteurs.com\/index.php\/product\/jacquart-brut-mosaique\/"},"modified":"2026-02-13T15:34:20","modified_gmt":"2026-02-13T15:34:20","slug":"jacquart-brut-mosaique","status":"publish","type":"product","link":"https:\/\/www.lacavedeslecteurs.com\/index.php\/product\/jacquart-brut-mosaique\/","title":{"rendered":"Jacquart Brut Mosa\u00efque"},"content":{"rendered":"<p>Une robe dor\u00e9e dot\u00e9e d\u2019une grande brillance, une attaque fra\u00eeche, une bouche souple et un fini fruit\u00e9 et persistant. Son a\u00e9ration lui offre des notes nettes de pain, de caramel et de miel.<\/p>\n","protected":false},"excerpt":{"rendered":"<p>Une robe dor\u00e9e dot\u00e9e d\u2019une grande brillance, une attaque fra\u00eeche, une bouche souple et un fini fruit\u00e9 et persistant. Son a\u00e9ration lui offre des notes nettes de pain, de caramel et de miel.<\/p>\n","protected":false},"featured_media":16880,"comment_status":"open","ping_status":"closed","template":"","meta":[],"product_brand":[],"product_cat":[41,365,19,138],"product_tag":[],"class_list":{"0":"post-11597","1":"product","2":"type-product","3":"status-publish","4":"has-post-thumbnail","6":"product_cat-blanc","7":"product_cat-categorie","8":"product_cat-champagne","9":"product_cat-couleurs","11":"first","12":"instock","13":"sale","14":"taxable","15":"shipping-taxable","16":"purchasable","17":"product-type-simple"},"_links":{"self":[{"href":"https:\/\/www.lacavedeslecteurs.com\/index.php\/wp-json\/wp\/v2\/product\/11597","targetHints":{"allow":["GET"]}}],"collection":[{"href":"https:\/\/www.lacavedeslecteurs.com\/index.php\/wp-json\/wp\/v2\/product"}],"about":[{"href":"https:\/\/www.lacavedeslecteurs.com\/index.php\/wp-json\/wp\/v2\/types\/product"}],"replies":[{"embeddable":true,"href":"https:\/\/www.lacavedeslecteurs.com\/index.php\/wp-json\/wp\/v2\/comments?post=11597"}],"wp:featuredmedia":[{"embeddable":true,"href":"https:\/\/www.lacavedeslecteurs.com\/index.php\/wp-json\/wp\/v2\/media\/16880"}],"wp:attachment":[{"href":"https:\/\/www.lacavedeslecteurs.com\/index.php\/wp-json\/wp\/v2\/media?parent=11597"}],"wp:term":[{"taxonomy":"product_brand","embeddable":true,"href":"https:\/\/www.lacavedeslecteurs.com\/index.php\/wp-json\/wp\/v2\/product_brand?post=11597"},{"taxonomy":"product_cat","embeddable":true,"href":"https:\/\/www.lacavedeslecteurs.com\/index.php\/wp-json\/wp\/v2\/product_cat?post=11597"},{"taxonomy":"product_tag","embeddable":true,"href":"https:\/\/www.lacavedeslecteurs.com\/index.php\/wp-json\/wp\/v2\/product_tag?post=11597"}],"curies":[{"name":"wp","href":"https:\/\/api.w.org\/{rel}","templated":true}]}}