{"id":11605,"date":"2025-12-31T13:00:59","date_gmt":"2025-12-31T13:00:59","guid":{"rendered":"https:\/\/www.lacavedeslecteurs.com\/index.php\/product\/champagne-jacquart-brut-signature-5-ans-dage\/"},"modified":"2026-02-12T10:35:57","modified_gmt":"2026-02-12T10:35:57","slug":"champagne-jacquart-brut-signature-5-ans-dage","status":"publish","type":"product","link":"https:\/\/www.lacavedeslecteurs.com\/index.php\/product\/champagne-jacquart-brut-signature-5-ans-dage\/","title":{"rendered":"Champagne Jacquart Brut Signature 5 ans d&rsquo;\u00e2ge"},"content":{"rendered":"<p>La maison JACQUART, une grande coop\u00e9rative qui compte plus de 1000 ha de vignes et vignerons. Elle revend la plupart de ses bouteilles \u00e0 des grandes maisons en marque blanche mais les meilleures cuv\u00e9es sont r\u00e9serv\u00e9es \u00e0 leurs propres marques qui pr\u00e9sentent le meilleur rapport qualit\u00e9\/prix qui soit. La cuv\u00e9e Signature en est l\u2019exemple par excellence avec 5 ans d\u2019\u00e9levage sur lattes et une puret\u00e9 de fruit incomparable.<\/p>\n","protected":false},"excerpt":{"rendered":"<p>La maison JACQUART, une grande coop\u00e9rative qui compte plus de 1000 ha de vignes et vignerons. Elle revend la plupart de ses bouteilles \u00e0 des grandes maisons en marque blanche mais les meilleures cuv\u00e9es sont r\u00e9serv\u00e9es \u00e0 leurs propres marques qui pr\u00e9sentent le meilleur rapport qualit\u00e9\/prix qui soit. La cuv\u00e9e Signature en est l\u2019exemple par [&hellip;]<\/p>\n","protected":false},"featured_media":15963,"comment_status":"open","ping_status":"closed","template":"","meta":[],"product_brand":[],"product_cat":[41,365,19,138],"product_tag":[],"class_list":{"0":"post-11605","1":"product","2":"type-product","3":"status-publish","4":"has-post-thumbnail","6":"product_cat-blanc","7":"product_cat-categorie","8":"product_cat-champagne","9":"product_cat-couleurs","11":"first","12":"instock","13":"sale","14":"taxable","15":"shipping-taxable","16":"purchasable","17":"product-type-simple"},"_links":{"self":[{"href":"https:\/\/www.lacavedeslecteurs.com\/index.php\/wp-json\/wp\/v2\/product\/11605","targetHints":{"allow":["GET"]}}],"collection":[{"href":"https:\/\/www.lacavedeslecteurs.com\/index.php\/wp-json\/wp\/v2\/product"}],"about":[{"href":"https:\/\/www.lacavedeslecteurs.com\/index.php\/wp-json\/wp\/v2\/types\/product"}],"replies":[{"embeddable":true,"href":"https:\/\/www.lacavedeslecteurs.com\/index.php\/wp-json\/wp\/v2\/comments?post=11605"}],"wp:featuredmedia":[{"embeddable":true,"href":"https:\/\/www.lacavedeslecteurs.com\/index.php\/wp-json\/wp\/v2\/media\/15963"}],"wp:attachment":[{"href":"https:\/\/www.lacavedeslecteurs.com\/index.php\/wp-json\/wp\/v2\/media?parent=11605"}],"wp:term":[{"taxonomy":"product_brand","embeddable":true,"href":"https:\/\/www.lacavedeslecteurs.com\/index.php\/wp-json\/wp\/v2\/product_brand?post=11605"},{"taxonomy":"product_cat","embeddable":true,"href":"https:\/\/www.lacavedeslecteurs.com\/index.php\/wp-json\/wp\/v2\/product_cat?post=11605"},{"taxonomy":"product_tag","embeddable":true,"href":"https:\/\/www.lacavedeslecteurs.com\/index.php\/wp-json\/wp\/v2\/product_tag?post=11605"}],"curies":[{"name":"wp","href":"https:\/\/api.w.org\/{rel}","templated":true}]}}