{"id":11607,"date":"2025-12-31T13:01:00","date_gmt":"2025-12-31T13:01:00","guid":{"rendered":"https:\/\/www.lacavedeslecteurs.com\/index.php\/product\/champagne-joseph-perrier-cuvee-royale-brut-en-etui\/"},"modified":"2026-02-12T10:36:00","modified_gmt":"2026-02-12T10:36:00","slug":"champagne-joseph-perrier-cuvee-royale-brut-en-etui","status":"publish","type":"product","link":"https:\/\/www.lacavedeslecteurs.com\/index.php\/product\/champagne-joseph-perrier-cuvee-royale-brut-en-etui\/","title":{"rendered":"Champagne Joseph Perrier \u00ab\u00a0Cuv\u00e9e Royale\u00a0\u00bb Brut, en \u00e9tui"},"content":{"rendered":"<p>Une robe d\u2019or jaune p\u00e2le, teint\u00e9e de reflets cuivr\u00e9s et d\u2019une superbe intensit\u00e9. Effervescence tr\u00e8s d\u00e9licate, vive et diffuse. Premier nez discret, fin et complexe. Des notes de pomme verte et de p\u00eache de vigne viennent apporter une touche fruit\u00e9e. Attaque puissante, vive et souple. Belle rondeur en bouche, finale rafra\u00eechissante.<\/p>\n","protected":false},"excerpt":{"rendered":"<p>Une robe d\u2019or jaune p\u00e2le, teint\u00e9e de reflets cuivr\u00e9s et d\u2019une superbe intensit\u00e9. Effervescence tr\u00e8s d\u00e9licate, vive et diffuse. Premier nez discret, fin et complexe. Des notes de pomme verte et de p\u00eache de vigne viennent apporter une touche fruit\u00e9e. Attaque puissante, vive et souple. Belle rondeur en bouche, finale rafra\u00eechissante.<\/p>\n","protected":false},"featured_media":15964,"comment_status":"open","ping_status":"closed","template":"","meta":[],"product_brand":[],"product_cat":[41,365,19,138],"product_tag":[],"class_list":{"0":"post-11607","1":"product","2":"type-product","3":"status-publish","4":"has-post-thumbnail","6":"product_cat-blanc","7":"product_cat-categorie","8":"product_cat-champagne","9":"product_cat-couleurs","11":"first","12":"instock","13":"sale","14":"taxable","15":"shipping-taxable","16":"purchasable","17":"product-type-simple"},"_links":{"self":[{"href":"https:\/\/www.lacavedeslecteurs.com\/index.php\/wp-json\/wp\/v2\/product\/11607","targetHints":{"allow":["GET"]}}],"collection":[{"href":"https:\/\/www.lacavedeslecteurs.com\/index.php\/wp-json\/wp\/v2\/product"}],"about":[{"href":"https:\/\/www.lacavedeslecteurs.com\/index.php\/wp-json\/wp\/v2\/types\/product"}],"replies":[{"embeddable":true,"href":"https:\/\/www.lacavedeslecteurs.com\/index.php\/wp-json\/wp\/v2\/comments?post=11607"}],"wp:featuredmedia":[{"embeddable":true,"href":"https:\/\/www.lacavedeslecteurs.com\/index.php\/wp-json\/wp\/v2\/media\/15964"}],"wp:attachment":[{"href":"https:\/\/www.lacavedeslecteurs.com\/index.php\/wp-json\/wp\/v2\/media?parent=11607"}],"wp:term":[{"taxonomy":"product_brand","embeddable":true,"href":"https:\/\/www.lacavedeslecteurs.com\/index.php\/wp-json\/wp\/v2\/product_brand?post=11607"},{"taxonomy":"product_cat","embeddable":true,"href":"https:\/\/www.lacavedeslecteurs.com\/index.php\/wp-json\/wp\/v2\/product_cat?post=11607"},{"taxonomy":"product_tag","embeddable":true,"href":"https:\/\/www.lacavedeslecteurs.com\/index.php\/wp-json\/wp\/v2\/product_tag?post=11607"}],"curies":[{"name":"wp","href":"https:\/\/api.w.org\/{rel}","templated":true}]}}