{"id":11611,"date":"2025-12-31T13:01:02","date_gmt":"2025-12-31T13:01:02","guid":{"rendered":"https:\/\/www.lacavedeslecteurs.com\/index.php\/product\/champagne-christophe-lefevre-brut-bio\/"},"modified":"2026-02-13T15:34:29","modified_gmt":"2026-02-13T15:34:29","slug":"champagne-christophe-lefevre-brut-bio","status":"publish","type":"product","link":"https:\/\/www.lacavedeslecteurs.com\/index.php\/product\/champagne-christophe-lefevre-brut-bio\/","title":{"rendered":"Champagne Christophe Lefevre Brut &#8211; BIO"},"content":{"rendered":"<p>L\u2019Agriculture Biologique est mise \u00e0 l\u2019honneur avec ce domaine de vignerons situ\u00e9 en Vall\u00e9e de la Marne. Les ma\u00eetres mots de son exploitation sont le savoir-faire et le respect de la nature. Le mariage r\u00e9ussi du Chardonnay et du Pinot Noir. Une expression \u00e9l\u00e9gante et harmonieuse.<\/p>\n","protected":false},"excerpt":{"rendered":"<p>L\u2019Agriculture Biologique est mise \u00e0 l\u2019honneur avec ce domaine de vignerons situ\u00e9 en Vall\u00e9e de la Marne. Les ma\u00eetres mots de son exploitation sont le savoir-faire et le respect de la nature. Le mariage r\u00e9ussi du Chardonnay et du Pinot Noir. Une expression \u00e9l\u00e9gante et harmonieuse.<\/p>\n","protected":false},"featured_media":16885,"comment_status":"open","ping_status":"closed","template":"","meta":[],"product_brand":[],"product_cat":[41,365,19,138],"product_tag":[],"class_list":{"0":"post-11611","1":"product","2":"type-product","3":"status-publish","4":"has-post-thumbnail","6":"product_cat-blanc","7":"product_cat-categorie","8":"product_cat-champagne","9":"product_cat-couleurs","11":"first","12":"instock","13":"sale","14":"taxable","15":"shipping-taxable","16":"purchasable","17":"product-type-simple"},"_links":{"self":[{"href":"https:\/\/www.lacavedeslecteurs.com\/index.php\/wp-json\/wp\/v2\/product\/11611","targetHints":{"allow":["GET"]}}],"collection":[{"href":"https:\/\/www.lacavedeslecteurs.com\/index.php\/wp-json\/wp\/v2\/product"}],"about":[{"href":"https:\/\/www.lacavedeslecteurs.com\/index.php\/wp-json\/wp\/v2\/types\/product"}],"replies":[{"embeddable":true,"href":"https:\/\/www.lacavedeslecteurs.com\/index.php\/wp-json\/wp\/v2\/comments?post=11611"}],"wp:featuredmedia":[{"embeddable":true,"href":"https:\/\/www.lacavedeslecteurs.com\/index.php\/wp-json\/wp\/v2\/media\/16885"}],"wp:attachment":[{"href":"https:\/\/www.lacavedeslecteurs.com\/index.php\/wp-json\/wp\/v2\/media?parent=11611"}],"wp:term":[{"taxonomy":"product_brand","embeddable":true,"href":"https:\/\/www.lacavedeslecteurs.com\/index.php\/wp-json\/wp\/v2\/product_brand?post=11611"},{"taxonomy":"product_cat","embeddable":true,"href":"https:\/\/www.lacavedeslecteurs.com\/index.php\/wp-json\/wp\/v2\/product_cat?post=11611"},{"taxonomy":"product_tag","embeddable":true,"href":"https:\/\/www.lacavedeslecteurs.com\/index.php\/wp-json\/wp\/v2\/product_tag?post=11611"}],"curies":[{"name":"wp","href":"https:\/\/api.w.org\/{rel}","templated":true}]}}