{"id":11613,"date":"2025-12-31T13:01:03","date_gmt":"2025-12-31T13:01:03","guid":{"rendered":"https:\/\/www.lacavedeslecteurs.com\/index.php\/product\/champagne-laurent-perrier-la-cuvee-brut\/"},"modified":"2026-02-13T15:34:33","modified_gmt":"2026-02-13T15:34:33","slug":"champagne-laurent-perrier-la-cuvee-brut","status":"publish","type":"product","link":"https:\/\/www.lacavedeslecteurs.com\/index.php\/product\/champagne-laurent-perrier-la-cuvee-brut\/","title":{"rendered":"Champagne Laurent Perrier \u00ab\u00a0La Cuv\u00e9e\u00a0\u00bb Brut"},"content":{"rendered":"<p>Le Champagne Laurent-Perrier La Cuv\u00e9e Brut est l\u2019expression embl\u00e9matique du style Laurent-Perrier, reconnu pour sa fra\u00eecheur, sa puret\u00e9 et son \u00e9l\u00e9gance. \u00c9labor\u00e9 \u00e0 partir d\u2019une forte majorit\u00e9 de Chardonnay, compl\u00e9t\u00e9 par du Pinot Noir et du Pinot Meunier, ce champagne refl\u00e8te un assemblage pr\u00e9cis de crus s\u00e9lectionn\u00e9s pour leur finesse. Le long vieillissement sur lies conf\u00e8re \u00e0 cette cuv\u00e9e \u00e9quilibre et complexit\u00e9.<\/p>\n<p>\u00c0 la d\u00e9gustation, ce Champagne Brut pr\u00e9sente une robe p\u00e2le et brillante, anim\u00e9e par une mousse fine et persistante. Le nez est d\u00e9licat et expressif, marqu\u00e9 par des ar\u00f4mes d\u2019agrumes, de fleurs blanches, de p\u00eache et de notes brioch\u00e9es subtiles. En bouche, l\u2019attaque est fra\u00eeche et vive, la texture \u00e9l\u00e9gante et a\u00e9rienne, avec une finale nette, harmonieuse et raffin\u00e9e.<\/p>\n<p>Polyvalent et intemporel, La Cuv\u00e9e Laurent-Perrier est id\u00e9ale \u00e0 l\u2019ap\u00e9ritif, mais s\u2019accorde \u00e9galement tr\u00e8s bien avec poissons, fruits de mer, volailles, sushis ou fromages frais. Un champagne \u00e9l\u00e9gant et accessible, parfait pour toutes les occasions et fid\u00e8le \u00e0 l\u2019identit\u00e9 fra\u00eeche et pure de la maison Laurent-Perrier.<\/p>\n","protected":false},"excerpt":{"rendered":"<p>Le Champagne Laurent-Perrier La Cuv\u00e9e Brut est l\u2019expression embl\u00e9matique du style Laurent-Perrier, reconnu pour sa fra\u00eecheur, sa puret\u00e9 et son \u00e9l\u00e9gance. \u00c9labor\u00e9 \u00e0 partir d\u2019une forte majorit\u00e9 de Chardonnay, compl\u00e9t\u00e9 par du Pinot Noir et du Pinot Meunier, ce champagne refl\u00e8te un assemblage pr\u00e9cis de crus s\u00e9lectionn\u00e9s pour leur finesse. Le long vieillissement sur lies [&hellip;]<\/p>\n","protected":false},"featured_media":16886,"comment_status":"open","ping_status":"closed","template":"","meta":[],"product_brand":[],"product_cat":[41,365,19,138],"product_tag":[],"class_list":{"0":"post-11613","1":"product","2":"type-product","3":"status-publish","4":"has-post-thumbnail","6":"product_cat-blanc","7":"product_cat-categorie","8":"product_cat-champagne","9":"product_cat-couleurs","11":"first","12":"instock","13":"sale","14":"taxable","15":"shipping-taxable","16":"purchasable","17":"product-type-simple"},"_links":{"self":[{"href":"https:\/\/www.lacavedeslecteurs.com\/index.php\/wp-json\/wp\/v2\/product\/11613","targetHints":{"allow":["GET"]}}],"collection":[{"href":"https:\/\/www.lacavedeslecteurs.com\/index.php\/wp-json\/wp\/v2\/product"}],"about":[{"href":"https:\/\/www.lacavedeslecteurs.com\/index.php\/wp-json\/wp\/v2\/types\/product"}],"replies":[{"embeddable":true,"href":"https:\/\/www.lacavedeslecteurs.com\/index.php\/wp-json\/wp\/v2\/comments?post=11613"}],"wp:featuredmedia":[{"embeddable":true,"href":"https:\/\/www.lacavedeslecteurs.com\/index.php\/wp-json\/wp\/v2\/media\/16886"}],"wp:attachment":[{"href":"https:\/\/www.lacavedeslecteurs.com\/index.php\/wp-json\/wp\/v2\/media?parent=11613"}],"wp:term":[{"taxonomy":"product_brand","embeddable":true,"href":"https:\/\/www.lacavedeslecteurs.com\/index.php\/wp-json\/wp\/v2\/product_brand?post=11613"},{"taxonomy":"product_cat","embeddable":true,"href":"https:\/\/www.lacavedeslecteurs.com\/index.php\/wp-json\/wp\/v2\/product_cat?post=11613"},{"taxonomy":"product_tag","embeddable":true,"href":"https:\/\/www.lacavedeslecteurs.com\/index.php\/wp-json\/wp\/v2\/product_tag?post=11613"}],"curies":[{"name":"wp","href":"https:\/\/api.w.org\/{rel}","templated":true}]}}