{"id":11616,"date":"2025-12-31T13:01:04","date_gmt":"2025-12-31T13:01:04","guid":{"rendered":"https:\/\/www.lacavedeslecteurs.com\/index.php\/product\/laurent-perrier-cuvee-rose\/"},"modified":"2026-02-13T15:34:36","modified_gmt":"2026-02-13T15:34:36","slug":"laurent-perrier-cuvee-rose","status":"publish","type":"product","link":"https:\/\/www.lacavedeslecteurs.com\/index.php\/product\/laurent-perrier-cuvee-rose\/","title":{"rendered":"Laurent Perrier Cuv\u00e9e Ros\u00e9"},"content":{"rendered":"<p>Le Ros\u00e9, mythique, est obtenu par la m\u00e9thode dite du \u00ab\u00a0Ros\u00e9 de Saign\u00e9e\u00a0\u00bb. La pr\u00e9pond\u00e9rance d&rsquo;un superbe Pinot Noir donne un c\u00f4t\u00e9 vineux et harmonieux.<\/p>\n","protected":false},"excerpt":{"rendered":"<p>Le Ros\u00e9, mythique, est obtenu par la m\u00e9thode dite du \u00ab\u00a0Ros\u00e9 de Saign\u00e9e\u00a0\u00bb. La pr\u00e9pond\u00e9rance d&rsquo;un superbe Pinot Noir donne un c\u00f4t\u00e9 vineux et harmonieux.<\/p>\n","protected":false},"featured_media":16887,"comment_status":"open","ping_status":"closed","template":"","meta":[],"product_brand":[],"product_cat":[365,19,138,55],"product_tag":[],"class_list":{"0":"post-11616","1":"product","2":"type-product","3":"status-publish","4":"has-post-thumbnail","6":"product_cat-categorie","7":"product_cat-champagne","8":"product_cat-couleurs","9":"product_cat-rose","11":"first","12":"instock","13":"sale","14":"taxable","15":"shipping-taxable","16":"purchasable","17":"product-type-simple"},"_links":{"self":[{"href":"https:\/\/www.lacavedeslecteurs.com\/index.php\/wp-json\/wp\/v2\/product\/11616","targetHints":{"allow":["GET"]}}],"collection":[{"href":"https:\/\/www.lacavedeslecteurs.com\/index.php\/wp-json\/wp\/v2\/product"}],"about":[{"href":"https:\/\/www.lacavedeslecteurs.com\/index.php\/wp-json\/wp\/v2\/types\/product"}],"replies":[{"embeddable":true,"href":"https:\/\/www.lacavedeslecteurs.com\/index.php\/wp-json\/wp\/v2\/comments?post=11616"}],"wp:featuredmedia":[{"embeddable":true,"href":"https:\/\/www.lacavedeslecteurs.com\/index.php\/wp-json\/wp\/v2\/media\/16887"}],"wp:attachment":[{"href":"https:\/\/www.lacavedeslecteurs.com\/index.php\/wp-json\/wp\/v2\/media?parent=11616"}],"wp:term":[{"taxonomy":"product_brand","embeddable":true,"href":"https:\/\/www.lacavedeslecteurs.com\/index.php\/wp-json\/wp\/v2\/product_brand?post=11616"},{"taxonomy":"product_cat","embeddable":true,"href":"https:\/\/www.lacavedeslecteurs.com\/index.php\/wp-json\/wp\/v2\/product_cat?post=11616"},{"taxonomy":"product_tag","embeddable":true,"href":"https:\/\/www.lacavedeslecteurs.com\/index.php\/wp-json\/wp\/v2\/product_tag?post=11616"}],"curies":[{"name":"wp","href":"https:\/\/api.w.org\/{rel}","templated":true}]}}