{"id":11620,"date":"2025-12-31T13:01:06","date_gmt":"2025-12-31T13:01:06","guid":{"rendered":"https:\/\/www.lacavedeslecteurs.com\/index.php\/product\/mumm-rsrv-grand-cru-4-5-brut\/"},"modified":"2026-02-13T15:34:41","modified_gmt":"2026-02-13T15:34:41","slug":"mumm-rsrv-grand-cru-4-5-brut","status":"publish","type":"product","link":"https:\/\/www.lacavedeslecteurs.com\/index.php\/product\/mumm-rsrv-grand-cru-4-5-brut\/","title":{"rendered":"Mumm RSRV Grand Cru 4.5 Brut"},"content":{"rendered":"<p>C&rsquo;est la cuv\u00e9e d\u2019exception de la maison Mumm, issue d\u2019un assemblage unique de cinq terroirs Grand Cru : Verzenay, A\u00ff, Bouzy pour le pinot noir, Avize, et Cramant pour le chardonnay. Vieilli 4 ans, le champagne est peu dos\u00e9 pour laisser place \u00e0 toute la puret\u00e9 du fruit. <\/p>\n","protected":false},"excerpt":{"rendered":"<p>C&rsquo;est la cuv\u00e9e d\u2019exception de la maison Mumm, issue d\u2019un assemblage unique de cinq terroirs Grand Cru : Verzenay, A\u00ff, Bouzy pour le pinot noir, Avize, et Cramant pour le chardonnay. Vieilli 4 ans, le champagne est peu dos\u00e9 pour laisser place \u00e0 toute la puret\u00e9 du fruit.<\/p>\n","protected":false},"featured_media":16889,"comment_status":"open","ping_status":"closed","template":"","meta":[],"product_brand":[],"product_cat":[41,365,19,138],"product_tag":[],"class_list":{"0":"post-11620","1":"product","2":"type-product","3":"status-publish","4":"has-post-thumbnail","6":"product_cat-blanc","7":"product_cat-categorie","8":"product_cat-champagne","9":"product_cat-couleurs","11":"first","12":"instock","13":"sale","14":"taxable","15":"shipping-taxable","16":"purchasable","17":"product-type-simple"},"_links":{"self":[{"href":"https:\/\/www.lacavedeslecteurs.com\/index.php\/wp-json\/wp\/v2\/product\/11620","targetHints":{"allow":["GET"]}}],"collection":[{"href":"https:\/\/www.lacavedeslecteurs.com\/index.php\/wp-json\/wp\/v2\/product"}],"about":[{"href":"https:\/\/www.lacavedeslecteurs.com\/index.php\/wp-json\/wp\/v2\/types\/product"}],"replies":[{"embeddable":true,"href":"https:\/\/www.lacavedeslecteurs.com\/index.php\/wp-json\/wp\/v2\/comments?post=11620"}],"wp:featuredmedia":[{"embeddable":true,"href":"https:\/\/www.lacavedeslecteurs.com\/index.php\/wp-json\/wp\/v2\/media\/16889"}],"wp:attachment":[{"href":"https:\/\/www.lacavedeslecteurs.com\/index.php\/wp-json\/wp\/v2\/media?parent=11620"}],"wp:term":[{"taxonomy":"product_brand","embeddable":true,"href":"https:\/\/www.lacavedeslecteurs.com\/index.php\/wp-json\/wp\/v2\/product_brand?post=11620"},{"taxonomy":"product_cat","embeddable":true,"href":"https:\/\/www.lacavedeslecteurs.com\/index.php\/wp-json\/wp\/v2\/product_cat?post=11620"},{"taxonomy":"product_tag","embeddable":true,"href":"https:\/\/www.lacavedeslecteurs.com\/index.php\/wp-json\/wp\/v2\/product_tag?post=11620"}],"curies":[{"name":"wp","href":"https:\/\/api.w.org\/{rel}","templated":true}]}}