{"id":11626,"date":"2025-12-31T13:01:08","date_gmt":"2025-12-31T13:01:08","guid":{"rendered":"https:\/\/www.lacavedeslecteurs.com\/index.php\/product\/champagne-payelle-pere-fils-grand-cru-blanc-de-blancs\/"},"modified":"2026-02-13T15:34:43","modified_gmt":"2026-02-13T15:34:43","slug":"champagne-payelle-pere-fils-grand-cru-blanc-de-blancs","status":"publish","type":"product","link":"https:\/\/www.lacavedeslecteurs.com\/index.php\/product\/champagne-payelle-pere-fils-grand-cru-blanc-de-blancs\/","title":{"rendered":"Champagne Payelle P\u00e8re &#038; Fils Grand Cru Blanc de blancs"},"content":{"rendered":"<p>La Maison Payelle est situ\u00e9e \u00e0 Ambonnay ; village class\u00e9 \u00ab Grand Cru \u00bb de la Champagne. Cette Maison t\u00e9moigne de beaux vins illustrant toute la complexit\u00e9 de cette r\u00e9gion. De la vivacit\u00e9 en bouche avec une expression tr\u00e8s a\u00e9rienne. Exquis \u00e0 l\u2019ap\u00e9ritif ou sur un plateau de fruits de mer.<\/p>\n","protected":false},"excerpt":{"rendered":"<p>La Maison Payelle est situ\u00e9e \u00e0 Ambonnay ; village class\u00e9 \u00ab Grand Cru \u00bb de la Champagne. Cette Maison t\u00e9moigne de beaux vins illustrant toute la complexit\u00e9 de cette r\u00e9gion. De la vivacit\u00e9 en bouche avec une expression tr\u00e8s a\u00e9rienne. Exquis \u00e0 l\u2019ap\u00e9ritif ou sur un plateau de fruits de mer.<\/p>\n","protected":false},"featured_media":16892,"comment_status":"open","ping_status":"closed","template":"","meta":[],"product_brand":[],"product_cat":[41,365,19,138],"product_tag":[],"class_list":{"0":"post-11626","1":"product","2":"type-product","3":"status-publish","4":"has-post-thumbnail","6":"product_cat-blanc","7":"product_cat-categorie","8":"product_cat-champagne","9":"product_cat-couleurs","11":"first","12":"instock","13":"sale","14":"taxable","15":"shipping-taxable","16":"purchasable","17":"product-type-simple"},"_links":{"self":[{"href":"https:\/\/www.lacavedeslecteurs.com\/index.php\/wp-json\/wp\/v2\/product\/11626","targetHints":{"allow":["GET"]}}],"collection":[{"href":"https:\/\/www.lacavedeslecteurs.com\/index.php\/wp-json\/wp\/v2\/product"}],"about":[{"href":"https:\/\/www.lacavedeslecteurs.com\/index.php\/wp-json\/wp\/v2\/types\/product"}],"replies":[{"embeddable":true,"href":"https:\/\/www.lacavedeslecteurs.com\/index.php\/wp-json\/wp\/v2\/comments?post=11626"}],"wp:featuredmedia":[{"embeddable":true,"href":"https:\/\/www.lacavedeslecteurs.com\/index.php\/wp-json\/wp\/v2\/media\/16892"}],"wp:attachment":[{"href":"https:\/\/www.lacavedeslecteurs.com\/index.php\/wp-json\/wp\/v2\/media?parent=11626"}],"wp:term":[{"taxonomy":"product_brand","embeddable":true,"href":"https:\/\/www.lacavedeslecteurs.com\/index.php\/wp-json\/wp\/v2\/product_brand?post=11626"},{"taxonomy":"product_cat","embeddable":true,"href":"https:\/\/www.lacavedeslecteurs.com\/index.php\/wp-json\/wp\/v2\/product_cat?post=11626"},{"taxonomy":"product_tag","embeddable":true,"href":"https:\/\/www.lacavedeslecteurs.com\/index.php\/wp-json\/wp\/v2\/product_tag?post=11626"}],"curies":[{"name":"wp","href":"https:\/\/api.w.org\/{rel}","templated":true}]}}