{"id":11628,"date":"2025-12-31T13:01:08","date_gmt":"2025-12-31T13:01:08","guid":{"rendered":"https:\/\/www.lacavedeslecteurs.com\/index.php\/product\/champagne-philipponnat-royal-reserve\/"},"modified":"2026-02-13T15:34:46","modified_gmt":"2026-02-13T15:34:46","slug":"champagne-philipponnat-royal-reserve","status":"publish","type":"product","link":"https:\/\/www.lacavedeslecteurs.com\/index.php\/product\/champagne-philipponnat-royal-reserve\/","title":{"rendered":"Champagne Philipponnat Royal R\u00e9serve"},"content":{"rendered":"<p>L\u2019absence totale de sucre laisse transpara\u00eetre dans cette cuv\u00e9e toutes les qualit\u00e9s constitutives du vin, et offre une subtile alliance entre pr\u00e9cision aromatique (notes citronn\u00e9es, zeste d\u2019orange), min\u00e9ralit\u00e9 et vinosit\u00e9. C&rsquo;est un vin d\u2019ap\u00e9ritif plein de fra\u00eecheur qui s\u2019accorde parfaitement avec les poissons crus et les fruits de mer, et magnifie la cuisine japonaise.<\/p>\n","protected":false},"excerpt":{"rendered":"<p>L\u2019absence totale de sucre laisse transpara\u00eetre dans cette cuv\u00e9e toutes les qualit\u00e9s constitutives du vin, et offre une subtile alliance entre pr\u00e9cision aromatique (notes citronn\u00e9es, zeste d\u2019orange), min\u00e9ralit\u00e9 et vinosit\u00e9. C&rsquo;est un vin d\u2019ap\u00e9ritif plein de fra\u00eecheur qui s\u2019accorde parfaitement avec les poissons crus et les fruits de mer, et magnifie la cuisine japonaise.<\/p>\n","protected":false},"featured_media":16893,"comment_status":"open","ping_status":"closed","template":"","meta":[],"product_brand":[],"product_cat":[41,365,19,138],"product_tag":[],"class_list":{"0":"post-11628","1":"product","2":"type-product","3":"status-publish","4":"has-post-thumbnail","6":"product_cat-blanc","7":"product_cat-categorie","8":"product_cat-champagne","9":"product_cat-couleurs","11":"first","12":"instock","13":"sale","14":"taxable","15":"shipping-taxable","16":"purchasable","17":"product-type-simple"},"_links":{"self":[{"href":"https:\/\/www.lacavedeslecteurs.com\/index.php\/wp-json\/wp\/v2\/product\/11628","targetHints":{"allow":["GET"]}}],"collection":[{"href":"https:\/\/www.lacavedeslecteurs.com\/index.php\/wp-json\/wp\/v2\/product"}],"about":[{"href":"https:\/\/www.lacavedeslecteurs.com\/index.php\/wp-json\/wp\/v2\/types\/product"}],"replies":[{"embeddable":true,"href":"https:\/\/www.lacavedeslecteurs.com\/index.php\/wp-json\/wp\/v2\/comments?post=11628"}],"wp:featuredmedia":[{"embeddable":true,"href":"https:\/\/www.lacavedeslecteurs.com\/index.php\/wp-json\/wp\/v2\/media\/16893"}],"wp:attachment":[{"href":"https:\/\/www.lacavedeslecteurs.com\/index.php\/wp-json\/wp\/v2\/media?parent=11628"}],"wp:term":[{"taxonomy":"product_brand","embeddable":true,"href":"https:\/\/www.lacavedeslecteurs.com\/index.php\/wp-json\/wp\/v2\/product_brand?post=11628"},{"taxonomy":"product_cat","embeddable":true,"href":"https:\/\/www.lacavedeslecteurs.com\/index.php\/wp-json\/wp\/v2\/product_cat?post=11628"},{"taxonomy":"product_tag","embeddable":true,"href":"https:\/\/www.lacavedeslecteurs.com\/index.php\/wp-json\/wp\/v2\/product_tag?post=11628"}],"curies":[{"name":"wp","href":"https:\/\/api.w.org\/{rel}","templated":true}]}}