{"id":11632,"date":"2025-12-31T13:01:10","date_gmt":"2025-12-31T13:01:10","guid":{"rendered":"https:\/\/www.lacavedeslecteurs.com\/index.php\/product\/champagne-pol-roger-brut-reserve-en-etui\/"},"modified":"2026-02-13T15:34:52","modified_gmt":"2026-02-13T15:34:52","slug":"champagne-pol-roger-brut-reserve-en-etui","status":"publish","type":"product","link":"https:\/\/www.lacavedeslecteurs.com\/index.php\/product\/champagne-pol-roger-brut-reserve-en-etui\/","title":{"rendered":"Champagne Pol Roger Brut R\u00e9serve en \u00e9tui"},"content":{"rendered":"<p>L\u2019\u00e9l\u00e9gance et le raffinement du Brut R\u00e9serve interpellent. Son effervescence fine exhale un bouquet complexe d\u2019ar\u00f4mes de fruits et de fleurs avec des notes brioch\u00e9es. En bouche, son \u00e9quilibre et sa fra\u00eecheur en font un vin d\u2019ap\u00e9ritif remarquable. Le champagne pr\u00e9f\u00e9r\u00e9 de Sir Winston Churchill!<\/p>\n","protected":false},"excerpt":{"rendered":"<p>L\u2019\u00e9l\u00e9gance et le raffinement du Brut R\u00e9serve interpellent. Son effervescence fine exhale un bouquet complexe d\u2019ar\u00f4mes de fruits et de fleurs avec des notes brioch\u00e9es. En bouche, son \u00e9quilibre et sa fra\u00eecheur en font un vin d\u2019ap\u00e9ritif remarquable. Le champagne pr\u00e9f\u00e9r\u00e9 de Sir Winston Churchill!<\/p>\n","protected":false},"featured_media":16895,"comment_status":"open","ping_status":"closed","template":"","meta":[],"product_brand":[],"product_cat":[41,365,19,138],"product_tag":[],"class_list":{"0":"post-11632","1":"product","2":"type-product","3":"status-publish","4":"has-post-thumbnail","6":"product_cat-blanc","7":"product_cat-categorie","8":"product_cat-champagne","9":"product_cat-couleurs","11":"first","12":"instock","13":"sale","14":"taxable","15":"shipping-taxable","16":"purchasable","17":"product-type-simple"},"_links":{"self":[{"href":"https:\/\/www.lacavedeslecteurs.com\/index.php\/wp-json\/wp\/v2\/product\/11632","targetHints":{"allow":["GET"]}}],"collection":[{"href":"https:\/\/www.lacavedeslecteurs.com\/index.php\/wp-json\/wp\/v2\/product"}],"about":[{"href":"https:\/\/www.lacavedeslecteurs.com\/index.php\/wp-json\/wp\/v2\/types\/product"}],"replies":[{"embeddable":true,"href":"https:\/\/www.lacavedeslecteurs.com\/index.php\/wp-json\/wp\/v2\/comments?post=11632"}],"wp:featuredmedia":[{"embeddable":true,"href":"https:\/\/www.lacavedeslecteurs.com\/index.php\/wp-json\/wp\/v2\/media\/16895"}],"wp:attachment":[{"href":"https:\/\/www.lacavedeslecteurs.com\/index.php\/wp-json\/wp\/v2\/media?parent=11632"}],"wp:term":[{"taxonomy":"product_brand","embeddable":true,"href":"https:\/\/www.lacavedeslecteurs.com\/index.php\/wp-json\/wp\/v2\/product_brand?post=11632"},{"taxonomy":"product_cat","embeddable":true,"href":"https:\/\/www.lacavedeslecteurs.com\/index.php\/wp-json\/wp\/v2\/product_cat?post=11632"},{"taxonomy":"product_tag","embeddable":true,"href":"https:\/\/www.lacavedeslecteurs.com\/index.php\/wp-json\/wp\/v2\/product_tag?post=11632"}],"curies":[{"name":"wp","href":"https:\/\/api.w.org\/{rel}","templated":true}]}}