{"id":11634,"date":"2025-12-31T13:01:11","date_gmt":"2025-12-31T13:01:11","guid":{"rendered":"https:\/\/www.lacavedeslecteurs.com\/index.php\/product\/champagne-pommery-brut-royal\/"},"modified":"2026-02-13T15:34:54","modified_gmt":"2026-02-13T15:34:54","slug":"champagne-pommery-brut-royal","status":"publish","type":"product","link":"https:\/\/www.lacavedeslecteurs.com\/index.php\/product\/champagne-pommery-brut-royal\/","title":{"rendered":"Champagne Pommery Brut Royal"},"content":{"rendered":"<p>Le Brut Royal est le c\u0153ur du style Pommery : vivacit\u00e9, fra\u00eecheur, finesse. La bulle est pr\u00e9sente de longues minutes en bouche, ce uqui est gage de grande qualit\u00e9.<\/p>\n","protected":false},"excerpt":{"rendered":"<p>Le Brut Royal est le c\u0153ur du style Pommery : vivacit\u00e9, fra\u00eecheur, finesse. La bulle est pr\u00e9sente de longues minutes en bouche, ce uqui est gage de grande qualit\u00e9.<\/p>\n","protected":false},"featured_media":16896,"comment_status":"open","ping_status":"closed","template":"","meta":[],"product_brand":[],"product_cat":[41,365,19,138],"product_tag":[],"class_list":{"0":"post-11634","1":"product","2":"type-product","3":"status-publish","4":"has-post-thumbnail","6":"product_cat-blanc","7":"product_cat-categorie","8":"product_cat-champagne","9":"product_cat-couleurs","11":"first","12":"instock","13":"sale","14":"taxable","15":"shipping-taxable","16":"purchasable","17":"product-type-simple"},"_links":{"self":[{"href":"https:\/\/www.lacavedeslecteurs.com\/index.php\/wp-json\/wp\/v2\/product\/11634","targetHints":{"allow":["GET"]}}],"collection":[{"href":"https:\/\/www.lacavedeslecteurs.com\/index.php\/wp-json\/wp\/v2\/product"}],"about":[{"href":"https:\/\/www.lacavedeslecteurs.com\/index.php\/wp-json\/wp\/v2\/types\/product"}],"replies":[{"embeddable":true,"href":"https:\/\/www.lacavedeslecteurs.com\/index.php\/wp-json\/wp\/v2\/comments?post=11634"}],"wp:featuredmedia":[{"embeddable":true,"href":"https:\/\/www.lacavedeslecteurs.com\/index.php\/wp-json\/wp\/v2\/media\/16896"}],"wp:attachment":[{"href":"https:\/\/www.lacavedeslecteurs.com\/index.php\/wp-json\/wp\/v2\/media?parent=11634"}],"wp:term":[{"taxonomy":"product_brand","embeddable":true,"href":"https:\/\/www.lacavedeslecteurs.com\/index.php\/wp-json\/wp\/v2\/product_brand?post=11634"},{"taxonomy":"product_cat","embeddable":true,"href":"https:\/\/www.lacavedeslecteurs.com\/index.php\/wp-json\/wp\/v2\/product_cat?post=11634"},{"taxonomy":"product_tag","embeddable":true,"href":"https:\/\/www.lacavedeslecteurs.com\/index.php\/wp-json\/wp\/v2\/product_tag?post=11634"}],"curies":[{"name":"wp","href":"https:\/\/api.w.org\/{rel}","templated":true}]}}