{"id":11637,"date":"2025-12-31T13:01:12","date_gmt":"2025-12-31T13:01:12","guid":{"rendered":"https:\/\/www.lacavedeslecteurs.com\/index.php\/product\/champagne-louis-roederer-brut-collection-en-etui\/"},"modified":"2026-02-13T15:34:57","modified_gmt":"2026-02-13T15:34:57","slug":"champagne-louis-roederer-brut-collection-en-etui","status":"publish","type":"product","link":"https:\/\/www.lacavedeslecteurs.com\/index.php\/product\/champagne-louis-roederer-brut-collection-en-etui\/","title":{"rendered":"Champagne Louis Roederer Brut Collection, En \u00e9tui"},"content":{"rendered":"<p>L\u2019assemblage de Collection 242 est bas\u00e9 sur une dominante de Chardonnay de grande maturit\u00e9, conf\u00e9rant \u00e0 l\u2019assemblage des notes de fruits m\u00fbrs, sucr\u00e9es et l\u00e9g\u00e8rement bois\u00e9es. Les Pinots Noirs et Meuniers viennent compl\u00e9ter l\u2019allure gourmande, velout\u00e9e, large et la mati\u00e8re juteuse. La finale est d\u2019une belle fra\u00eecheur et dynamique.<\/p>\n","protected":false},"excerpt":{"rendered":"<p>L\u2019assemblage de Collection 242 est bas\u00e9 sur une dominante de Chardonnay de grande maturit\u00e9, conf\u00e9rant \u00e0 l\u2019assemblage des notes de fruits m\u00fbrs, sucr\u00e9es et l\u00e9g\u00e8rement bois\u00e9es. Les Pinots Noirs et Meuniers viennent compl\u00e9ter l\u2019allure gourmande, velout\u00e9e, large et la mati\u00e8re juteuse. La finale est d\u2019une belle fra\u00eecheur et dynamique.<\/p>\n","protected":false},"featured_media":16897,"comment_status":"open","ping_status":"closed","template":"","meta":[],"product_brand":[],"product_cat":[41,365,19,138],"product_tag":[],"class_list":{"0":"post-11637","1":"product","2":"type-product","3":"status-publish","4":"has-post-thumbnail","6":"product_cat-blanc","7":"product_cat-categorie","8":"product_cat-champagne","9":"product_cat-couleurs","11":"first","12":"instock","13":"sale","14":"taxable","15":"shipping-taxable","16":"purchasable","17":"product-type-simple"},"_links":{"self":[{"href":"https:\/\/www.lacavedeslecteurs.com\/index.php\/wp-json\/wp\/v2\/product\/11637","targetHints":{"allow":["GET"]}}],"collection":[{"href":"https:\/\/www.lacavedeslecteurs.com\/index.php\/wp-json\/wp\/v2\/product"}],"about":[{"href":"https:\/\/www.lacavedeslecteurs.com\/index.php\/wp-json\/wp\/v2\/types\/product"}],"replies":[{"embeddable":true,"href":"https:\/\/www.lacavedeslecteurs.com\/index.php\/wp-json\/wp\/v2\/comments?post=11637"}],"wp:featuredmedia":[{"embeddable":true,"href":"https:\/\/www.lacavedeslecteurs.com\/index.php\/wp-json\/wp\/v2\/media\/16897"}],"wp:attachment":[{"href":"https:\/\/www.lacavedeslecteurs.com\/index.php\/wp-json\/wp\/v2\/media?parent=11637"}],"wp:term":[{"taxonomy":"product_brand","embeddable":true,"href":"https:\/\/www.lacavedeslecteurs.com\/index.php\/wp-json\/wp\/v2\/product_brand?post=11637"},{"taxonomy":"product_cat","embeddable":true,"href":"https:\/\/www.lacavedeslecteurs.com\/index.php\/wp-json\/wp\/v2\/product_cat?post=11637"},{"taxonomy":"product_tag","embeddable":true,"href":"https:\/\/www.lacavedeslecteurs.com\/index.php\/wp-json\/wp\/v2\/product_tag?post=11637"}],"curies":[{"name":"wp","href":"https:\/\/api.w.org\/{rel}","templated":true}]}}