{"id":11639,"date":"2025-12-31T13:01:13","date_gmt":"2025-12-31T13:01:13","guid":{"rendered":"https:\/\/www.lacavedeslecteurs.com\/index.php\/product\/champagne-ruinart-brut\/"},"modified":"2026-02-13T15:34:58","modified_gmt":"2026-02-13T15:34:58","slug":"champagne-ruinart-brut","status":"publish","type":"product","link":"https:\/\/www.lacavedeslecteurs.com\/index.php\/product\/champagne-ruinart-brut\/","title":{"rendered":"Champagne Ruinart Brut"},"content":{"rendered":"<p>Ce champagne n\u2019est que fra\u00eecheur et \u00e9quilibre. Il r\u00e9v\u00e8le une superbe intensit\u00e9 olfactive sur un fond brioch\u00e9 et biscuit\u00e9. Un champagne Ruinart de grande \u00e9l\u00e9gance&#8230; pour vos meilleurs moments !<\/p>\n","protected":false},"excerpt":{"rendered":"<p>Ce champagne n\u2019est que fra\u00eecheur et \u00e9quilibre. Il r\u00e9v\u00e8le une superbe intensit\u00e9 olfactive sur un fond brioch\u00e9 et biscuit\u00e9. Un champagne Ruinart de grande \u00e9l\u00e9gance&#8230; pour vos meilleurs moments !<\/p>\n","protected":false},"featured_media":16898,"comment_status":"open","ping_status":"closed","template":"","meta":[],"product_brand":[],"product_cat":[41,365,19,138],"product_tag":[],"class_list":{"0":"post-11639","1":"product","2":"type-product","3":"status-publish","4":"has-post-thumbnail","6":"product_cat-blanc","7":"product_cat-categorie","8":"product_cat-champagne","9":"product_cat-couleurs","11":"first","12":"instock","13":"sale","14":"taxable","15":"shipping-taxable","16":"purchasable","17":"product-type-simple"},"_links":{"self":[{"href":"https:\/\/www.lacavedeslecteurs.com\/index.php\/wp-json\/wp\/v2\/product\/11639","targetHints":{"allow":["GET"]}}],"collection":[{"href":"https:\/\/www.lacavedeslecteurs.com\/index.php\/wp-json\/wp\/v2\/product"}],"about":[{"href":"https:\/\/www.lacavedeslecteurs.com\/index.php\/wp-json\/wp\/v2\/types\/product"}],"replies":[{"embeddable":true,"href":"https:\/\/www.lacavedeslecteurs.com\/index.php\/wp-json\/wp\/v2\/comments?post=11639"}],"wp:featuredmedia":[{"embeddable":true,"href":"https:\/\/www.lacavedeslecteurs.com\/index.php\/wp-json\/wp\/v2\/media\/16898"}],"wp:attachment":[{"href":"https:\/\/www.lacavedeslecteurs.com\/index.php\/wp-json\/wp\/v2\/media?parent=11639"}],"wp:term":[{"taxonomy":"product_brand","embeddable":true,"href":"https:\/\/www.lacavedeslecteurs.com\/index.php\/wp-json\/wp\/v2\/product_brand?post=11639"},{"taxonomy":"product_cat","embeddable":true,"href":"https:\/\/www.lacavedeslecteurs.com\/index.php\/wp-json\/wp\/v2\/product_cat?post=11639"},{"taxonomy":"product_tag","embeddable":true,"href":"https:\/\/www.lacavedeslecteurs.com\/index.php\/wp-json\/wp\/v2\/product_tag?post=11639"}],"curies":[{"name":"wp","href":"https:\/\/api.w.org\/{rel}","templated":true}]}}