{"id":11658,"date":"2025-12-31T13:01:19","date_gmt":"2025-12-31T13:01:19","guid":{"rendered":"https:\/\/www.lacavedeslecteurs.com\/index.php\/product\/coffret-caisse-bois-6-bouteilles-grands-crus\/"},"modified":"2026-02-13T15:35:10","modified_gmt":"2026-02-13T15:35:10","slug":"coffret-caisse-bois-6-bouteilles-grands-crus","status":"publish","type":"product","link":"https:\/\/www.lacavedeslecteurs.com\/index.php\/product\/coffret-caisse-bois-6-bouteilles-grands-crus\/","title":{"rendered":"Coffret Caisse Bois 6 Bouteilles &#8211; Grands Crus"},"content":{"rendered":"<p>S\u00e9lection de 6 bouteilles de votre Comit\u00e9 de d\u00e9gustation<\/p>\n","protected":false},"excerpt":{"rendered":"<p>S\u00e9lection de 6 bouteilles de votre Comit\u00e9 de d\u00e9gustation<\/p>\n","protected":false},"featured_media":16906,"comment_status":"open","ping_status":"closed","template":"","meta":[],"product_brand":[],"product_cat":[365,126],"product_tag":[],"class_list":{"0":"post-11658","1":"product","2":"type-product","3":"status-publish","4":"has-post-thumbnail","6":"product_cat-categorie","7":"product_cat-coffrets","9":"first","10":"instock","11":"sale","12":"taxable","13":"shipping-taxable","14":"purchasable","15":"product-type-simple"},"_links":{"self":[{"href":"https:\/\/www.lacavedeslecteurs.com\/index.php\/wp-json\/wp\/v2\/product\/11658","targetHints":{"allow":["GET"]}}],"collection":[{"href":"https:\/\/www.lacavedeslecteurs.com\/index.php\/wp-json\/wp\/v2\/product"}],"about":[{"href":"https:\/\/www.lacavedeslecteurs.com\/index.php\/wp-json\/wp\/v2\/types\/product"}],"replies":[{"embeddable":true,"href":"https:\/\/www.lacavedeslecteurs.com\/index.php\/wp-json\/wp\/v2\/comments?post=11658"}],"wp:featuredmedia":[{"embeddable":true,"href":"https:\/\/www.lacavedeslecteurs.com\/index.php\/wp-json\/wp\/v2\/media\/16906"}],"wp:attachment":[{"href":"https:\/\/www.lacavedeslecteurs.com\/index.php\/wp-json\/wp\/v2\/media?parent=11658"}],"wp:term":[{"taxonomy":"product_brand","embeddable":true,"href":"https:\/\/www.lacavedeslecteurs.com\/index.php\/wp-json\/wp\/v2\/product_brand?post=11658"},{"taxonomy":"product_cat","embeddable":true,"href":"https:\/\/www.lacavedeslecteurs.com\/index.php\/wp-json\/wp\/v2\/product_cat?post=11658"},{"taxonomy":"product_tag","embeddable":true,"href":"https:\/\/www.lacavedeslecteurs.com\/index.php\/wp-json\/wp\/v2\/product_tag?post=11658"}],"curies":[{"name":"wp","href":"https:\/\/api.w.org\/{rel}","templated":true}]}}