{"id":11678,"date":"2025-12-31T13:01:24","date_gmt":"2025-12-31T13:01:24","guid":{"rendered":"https:\/\/www.lacavedeslecteurs.com\/index.php\/product\/chateau-soucherie-ivoire\/"},"modified":"2026-02-13T15:35:35","modified_gmt":"2026-02-13T15:35:35","slug":"chateau-soucherie-ivoire","status":"publish","type":"product","link":"https:\/\/www.lacavedeslecteurs.com\/index.php\/product\/chateau-soucherie-ivoire\/","title":{"rendered":"Ch\u00e2teau Soucherie Ivoire - 2021"},"content":{"rendered":"<p>Le Ch\u00e2teau Soucherie est un vignoble angevin de 28ha r\u00e9parti en 3 sites, d\u00e9sormais certifi\u00e9 en Agriculture Biologique. Autour du Ch\u00e2teau, 22 hectares sont situ\u00e9s sur un coteau schisteux orient\u00e9 Sud et abrit\u00e9 des vents du Nord. Respects des sols et de l\u2019environnement restent les ma\u00eetres mots de l\u2019\u00e9quipe. \u00ab Blanc Ivoire \u00bb est un vin plus s\u00e9rieux, min\u00e9ral, puissant et d\u2019un rapport qualit\u00e9-prix qu\u2019on ne retrouve nulle part ailleurs.<\/p>\n","protected":false},"excerpt":{"rendered":"<p>Le Ch\u00e2teau Soucherie est un vignoble angevin de 28ha r\u00e9parti en 3 sites, d\u00e9sormais certifi\u00e9 en Agriculture Biologique. Autour du Ch\u00e2teau, 22 hectares sont situ\u00e9s sur un coteau schisteux orient\u00e9 Sud et abrit\u00e9 des vents du Nord. Respects des sols et de l\u2019environnement restent les ma\u00eetres mots de l\u2019\u00e9quipe. \u00ab Blanc Ivoire \u00bb est un [&hellip;]<\/p>\n","protected":false},"featured_media":16921,"comment_status":"open","ping_status":"closed","template":"","meta":[],"product_brand":[],"product_cat":[41,365,138,121],"product_tag":[],"class_list":{"0":"post-11678","1":"product","2":"type-product","3":"status-publish","4":"has-post-thumbnail","6":"product_cat-blanc","7":"product_cat-categorie","8":"product_cat-couleurs","9":"product_cat-loire","11":"first","12":"outofstock","13":"sale","14":"taxable","15":"shipping-taxable","16":"purchasable","17":"product-type-simple"},"_links":{"self":[{"href":"https:\/\/www.lacavedeslecteurs.com\/index.php\/wp-json\/wp\/v2\/product\/11678","targetHints":{"allow":["GET"]}}],"collection":[{"href":"https:\/\/www.lacavedeslecteurs.com\/index.php\/wp-json\/wp\/v2\/product"}],"about":[{"href":"https:\/\/www.lacavedeslecteurs.com\/index.php\/wp-json\/wp\/v2\/types\/product"}],"replies":[{"embeddable":true,"href":"https:\/\/www.lacavedeslecteurs.com\/index.php\/wp-json\/wp\/v2\/comments?post=11678"}],"wp:featuredmedia":[{"embeddable":true,"href":"https:\/\/www.lacavedeslecteurs.com\/index.php\/wp-json\/wp\/v2\/media\/16921"}],"wp:attachment":[{"href":"https:\/\/www.lacavedeslecteurs.com\/index.php\/wp-json\/wp\/v2\/media?parent=11678"}],"wp:term":[{"taxonomy":"product_brand","embeddable":true,"href":"https:\/\/www.lacavedeslecteurs.com\/index.php\/wp-json\/wp\/v2\/product_brand?post=11678"},{"taxonomy":"product_cat","embeddable":true,"href":"https:\/\/www.lacavedeslecteurs.com\/index.php\/wp-json\/wp\/v2\/product_cat?post=11678"},{"taxonomy":"product_tag","embeddable":true,"href":"https:\/\/www.lacavedeslecteurs.com\/index.php\/wp-json\/wp\/v2\/product_tag?post=11678"}],"curies":[{"name":"wp","href":"https:\/\/api.w.org\/{rel}","templated":true}]}}