{"id":11681,"date":"2025-12-31T13:01:26","date_gmt":"2025-12-31T13:01:26","guid":{"rendered":"https:\/\/www.lacavedeslecteurs.com\/index.php\/product\/domaine-francois-chidaine-les-choisilles-biodynamie\/"},"modified":"2026-02-13T15:35:39","modified_gmt":"2026-02-13T15:35:39","slug":"domaine-francois-chidaine-les-choisilles-biodynamie","status":"publish","type":"product","link":"https:\/\/www.lacavedeslecteurs.com\/index.php\/product\/domaine-francois-chidaine-les-choisilles-biodynamie\/","title":{"rendered":"Domaine Fran\u00e7ois Chidaine Les Choisilles BIOdynamie - 2022"},"content":{"rendered":"<p>Vigneron porte-drapeau de l&rsquo;appellation dont les vins sont pl\u00e9biscit\u00e9s par tous les sommeliers de France et de Navarre. Toujours pourvu d\u2019une \u00e9nergie revigorante, le vin est \u00e9toff\u00e9, tirant son sillon d\u2019\u00e9l\u00e9gantes notes exotiques et de fins amers en finale.<\/p>\n","protected":false},"excerpt":{"rendered":"<p>Vigneron porte-drapeau de l&rsquo;appellation dont les vins sont pl\u00e9biscit\u00e9s par tous les sommeliers de France et de Navarre. Toujours pourvu d\u2019une \u00e9nergie revigorante, le vin est \u00e9toff\u00e9, tirant son sillon d\u2019\u00e9l\u00e9gantes notes exotiques et de fins amers en finale.<\/p>\n","protected":false},"featured_media":16923,"comment_status":"open","ping_status":"closed","template":"","meta":[],"product_brand":[],"product_cat":[41,365,138,121],"product_tag":[],"class_list":{"0":"post-11681","1":"product","2":"type-product","3":"status-publish","4":"has-post-thumbnail","6":"product_cat-blanc","7":"product_cat-categorie","8":"product_cat-couleurs","9":"product_cat-loire","11":"first","12":"instock","13":"sale","14":"taxable","15":"shipping-taxable","16":"purchasable","17":"product-type-simple"},"_links":{"self":[{"href":"https:\/\/www.lacavedeslecteurs.com\/index.php\/wp-json\/wp\/v2\/product\/11681","targetHints":{"allow":["GET"]}}],"collection":[{"href":"https:\/\/www.lacavedeslecteurs.com\/index.php\/wp-json\/wp\/v2\/product"}],"about":[{"href":"https:\/\/www.lacavedeslecteurs.com\/index.php\/wp-json\/wp\/v2\/types\/product"}],"replies":[{"embeddable":true,"href":"https:\/\/www.lacavedeslecteurs.com\/index.php\/wp-json\/wp\/v2\/comments?post=11681"}],"wp:featuredmedia":[{"embeddable":true,"href":"https:\/\/www.lacavedeslecteurs.com\/index.php\/wp-json\/wp\/v2\/media\/16923"}],"wp:attachment":[{"href":"https:\/\/www.lacavedeslecteurs.com\/index.php\/wp-json\/wp\/v2\/media?parent=11681"}],"wp:term":[{"taxonomy":"product_brand","embeddable":true,"href":"https:\/\/www.lacavedeslecteurs.com\/index.php\/wp-json\/wp\/v2\/product_brand?post=11681"},{"taxonomy":"product_cat","embeddable":true,"href":"https:\/\/www.lacavedeslecteurs.com\/index.php\/wp-json\/wp\/v2\/product_cat?post=11681"},{"taxonomy":"product_tag","embeddable":true,"href":"https:\/\/www.lacavedeslecteurs.com\/index.php\/wp-json\/wp\/v2\/product_tag?post=11681"}],"curies":[{"name":"wp","href":"https:\/\/api.w.org\/{rel}","templated":true}]}}