{"id":11683,"date":"2025-12-31T13:01:26","date_gmt":"2025-12-31T13:01:26","guid":{"rendered":"https:\/\/www.lacavedeslecteurs.com\/index.php\/product\/nicolas-reau-clos-des-treilles-pompois-vin-nature\/"},"modified":"2026-02-13T15:35:41","modified_gmt":"2026-02-13T15:35:41","slug":"nicolas-reau-clos-des-treilles-pompois-vin-nature","status":"publish","type":"product","link":"https:\/\/www.lacavedeslecteurs.com\/index.php\/product\/nicolas-reau-clos-des-treilles-pompois-vin-nature\/","title":{"rendered":"Nicolas R\u00e9au &#8211; Clos des Treilles Pompois Vin Nature - 2019"},"content":{"rendered":"<p>Domaine situ\u00e9 sur l&rsquo;excellent terroir de la vall\u00e9e de Cousse. Adoub\u00e9e par Mon Caviste, cette cuv\u00e9e est l&rsquo;arch\u00e9type du grand vin blanc \u00e0 petit prix : nez de fruits blancs, \u00e9quilibre en bouche, min\u00e9ralit\u00e9 persistante en font un best-seller !<\/p>\n","protected":false},"excerpt":{"rendered":"<p>Domaine situ\u00e9 sur l&rsquo;excellent terroir de la vall\u00e9e de Cousse. Adoub\u00e9e par Mon Caviste, cette cuv\u00e9e est l&rsquo;arch\u00e9type du grand vin blanc \u00e0 petit prix : nez de fruits blancs, \u00e9quilibre en bouche, min\u00e9ralit\u00e9 persistante en font un best-seller !<\/p>\n","protected":false},"featured_media":16924,"comment_status":"open","ping_status":"closed","template":"","meta":[],"product_brand":[],"product_cat":[365,138,121,27],"product_tag":[],"class_list":{"0":"post-11683","1":"product","2":"type-product","3":"status-publish","4":"has-post-thumbnail","6":"product_cat-categorie","7":"product_cat-couleurs","8":"product_cat-loire","9":"product_cat-rouge","11":"first","12":"instock","13":"sale","14":"taxable","15":"shipping-taxable","16":"purchasable","17":"product-type-simple"},"_links":{"self":[{"href":"https:\/\/www.lacavedeslecteurs.com\/index.php\/wp-json\/wp\/v2\/product\/11683","targetHints":{"allow":["GET"]}}],"collection":[{"href":"https:\/\/www.lacavedeslecteurs.com\/index.php\/wp-json\/wp\/v2\/product"}],"about":[{"href":"https:\/\/www.lacavedeslecteurs.com\/index.php\/wp-json\/wp\/v2\/types\/product"}],"replies":[{"embeddable":true,"href":"https:\/\/www.lacavedeslecteurs.com\/index.php\/wp-json\/wp\/v2\/comments?post=11683"}],"wp:featuredmedia":[{"embeddable":true,"href":"https:\/\/www.lacavedeslecteurs.com\/index.php\/wp-json\/wp\/v2\/media\/16924"}],"wp:attachment":[{"href":"https:\/\/www.lacavedeslecteurs.com\/index.php\/wp-json\/wp\/v2\/media?parent=11683"}],"wp:term":[{"taxonomy":"product_brand","embeddable":true,"href":"https:\/\/www.lacavedeslecteurs.com\/index.php\/wp-json\/wp\/v2\/product_brand?post=11683"},{"taxonomy":"product_cat","embeddable":true,"href":"https:\/\/www.lacavedeslecteurs.com\/index.php\/wp-json\/wp\/v2\/product_cat?post=11683"},{"taxonomy":"product_tag","embeddable":true,"href":"https:\/\/www.lacavedeslecteurs.com\/index.php\/wp-json\/wp\/v2\/product_tag?post=11683"}],"curies":[{"name":"wp","href":"https:\/\/api.w.org\/{rel}","templated":true}]}}