{"id":11685,"date":"2025-12-31T13:01:27","date_gmt":"2025-12-31T13:01:27","guid":{"rendered":"https:\/\/www.lacavedeslecteurs.com\/index.php\/product\/domaine-de-saint-pierre-pierre-prieur-fils-les-silex\/"},"modified":"2026-02-13T15:35:42","modified_gmt":"2026-02-13T15:35:42","slug":"domaine-de-saint-pierre-pierre-prieur-fils-les-silex","status":"publish","type":"product","link":"https:\/\/www.lacavedeslecteurs.com\/index.php\/product\/domaine-de-saint-pierre-pierre-prieur-fils-les-silex\/","title":{"rendered":"Domaine de Saint-Pierre &#8211; Pierre Prieur &#038; Fils Les Silex - 2022"},"content":{"rendered":"<p>Cette cuv\u00e9e \u00ab\u00a0Les Silex\u00a0\u00bb est issue des terroirs siliceux et argilo-siliceux du domaine. Tr\u00e8s bien expos\u00e9es, ces vignes offrent chaque ann\u00e9e une belle maturit\u00e9 avec la min\u00e9ralit\u00e9 relative au terroir. Un Sancerre de Silex tr\u00e8s \u00e9l\u00e9gant.<\/p>\n","protected":false},"excerpt":{"rendered":"<p>Cette cuv\u00e9e \u00ab\u00a0Les Silex\u00a0\u00bb est issue des terroirs siliceux et argilo-siliceux du domaine. Tr\u00e8s bien expos\u00e9es, ces vignes offrent chaque ann\u00e9e une belle maturit\u00e9 avec la min\u00e9ralit\u00e9 relative au terroir. Un Sancerre de Silex tr\u00e8s \u00e9l\u00e9gant.<\/p>\n","protected":false},"featured_media":16925,"comment_status":"open","ping_status":"closed","template":"","meta":[],"product_brand":[],"product_cat":[41,365,138,121],"product_tag":[],"class_list":{"0":"post-11685","1":"product","2":"type-product","3":"status-publish","4":"has-post-thumbnail","6":"product_cat-blanc","7":"product_cat-categorie","8":"product_cat-couleurs","9":"product_cat-loire","11":"first","12":"instock","13":"sale","14":"taxable","15":"shipping-taxable","16":"purchasable","17":"product-type-simple"},"_links":{"self":[{"href":"https:\/\/www.lacavedeslecteurs.com\/index.php\/wp-json\/wp\/v2\/product\/11685","targetHints":{"allow":["GET"]}}],"collection":[{"href":"https:\/\/www.lacavedeslecteurs.com\/index.php\/wp-json\/wp\/v2\/product"}],"about":[{"href":"https:\/\/www.lacavedeslecteurs.com\/index.php\/wp-json\/wp\/v2\/types\/product"}],"replies":[{"embeddable":true,"href":"https:\/\/www.lacavedeslecteurs.com\/index.php\/wp-json\/wp\/v2\/comments?post=11685"}],"wp:featuredmedia":[{"embeddable":true,"href":"https:\/\/www.lacavedeslecteurs.com\/index.php\/wp-json\/wp\/v2\/media\/16925"}],"wp:attachment":[{"href":"https:\/\/www.lacavedeslecteurs.com\/index.php\/wp-json\/wp\/v2\/media?parent=11685"}],"wp:term":[{"taxonomy":"product_brand","embeddable":true,"href":"https:\/\/www.lacavedeslecteurs.com\/index.php\/wp-json\/wp\/v2\/product_brand?post=11685"},{"taxonomy":"product_cat","embeddable":true,"href":"https:\/\/www.lacavedeslecteurs.com\/index.php\/wp-json\/wp\/v2\/product_cat?post=11685"},{"taxonomy":"product_tag","embeddable":true,"href":"https:\/\/www.lacavedeslecteurs.com\/index.php\/wp-json\/wp\/v2\/product_tag?post=11685"}],"curies":[{"name":"wp","href":"https:\/\/api.w.org\/{rel}","templated":true}]}}