{"id":11692,"date":"2025-12-31T13:01:29","date_gmt":"2025-12-31T13:01:29","guid":{"rendered":"https:\/\/www.lacavedeslecteurs.com\/index.php\/product\/domaine-huet-le-haut-lieu-biodynamie\/"},"modified":"2026-02-13T15:35:48","modified_gmt":"2026-02-13T15:35:48","slug":"domaine-huet-le-haut-lieu-biodynamie","status":"publish","type":"product","link":"https:\/\/www.lacavedeslecteurs.com\/index.php\/product\/domaine-huet-le-haut-lieu-biodynamie\/","title":{"rendered":"Domaine Huet Le Haut Lieu  BIOdynamie - 2021"},"content":{"rendered":"<p>Un vouvray parcellaire et biodynamique sec et plein de fra\u00eecheur au sein duquel se m\u00ealent des notes de fruits frais et des notes min\u00e9rales. Sa vivacit\u00e9 l&rsquo;oriente vers des accords aux accents maritimes.<\/p>\n","protected":false},"excerpt":{"rendered":"<p>Un vouvray parcellaire et biodynamique sec et plein de fra\u00eecheur au sein duquel se m\u00ealent des notes de fruits frais et des notes min\u00e9rales. Sa vivacit\u00e9 l&rsquo;oriente vers des accords aux accents maritimes.<\/p>\n","protected":false},"featured_media":16929,"comment_status":"open","ping_status":"closed","template":"","meta":[],"product_brand":[],"product_cat":[41,365,138,121],"product_tag":[],"class_list":{"0":"post-11692","1":"product","2":"type-product","3":"status-publish","4":"has-post-thumbnail","6":"product_cat-blanc","7":"product_cat-categorie","8":"product_cat-couleurs","9":"product_cat-loire","11":"first","12":"instock","13":"sale","14":"taxable","15":"shipping-taxable","16":"purchasable","17":"product-type-simple"},"_links":{"self":[{"href":"https:\/\/www.lacavedeslecteurs.com\/index.php\/wp-json\/wp\/v2\/product\/11692","targetHints":{"allow":["GET"]}}],"collection":[{"href":"https:\/\/www.lacavedeslecteurs.com\/index.php\/wp-json\/wp\/v2\/product"}],"about":[{"href":"https:\/\/www.lacavedeslecteurs.com\/index.php\/wp-json\/wp\/v2\/types\/product"}],"replies":[{"embeddable":true,"href":"https:\/\/www.lacavedeslecteurs.com\/index.php\/wp-json\/wp\/v2\/comments?post=11692"}],"wp:featuredmedia":[{"embeddable":true,"href":"https:\/\/www.lacavedeslecteurs.com\/index.php\/wp-json\/wp\/v2\/media\/16929"}],"wp:attachment":[{"href":"https:\/\/www.lacavedeslecteurs.com\/index.php\/wp-json\/wp\/v2\/media?parent=11692"}],"wp:term":[{"taxonomy":"product_brand","embeddable":true,"href":"https:\/\/www.lacavedeslecteurs.com\/index.php\/wp-json\/wp\/v2\/product_brand?post=11692"},{"taxonomy":"product_cat","embeddable":true,"href":"https:\/\/www.lacavedeslecteurs.com\/index.php\/wp-json\/wp\/v2\/product_cat?post=11692"},{"taxonomy":"product_tag","embeddable":true,"href":"https:\/\/www.lacavedeslecteurs.com\/index.php\/wp-json\/wp\/v2\/product_tag?post=11692"}],"curies":[{"name":"wp","href":"https:\/\/api.w.org\/{rel}","templated":true}]}}