{"id":11694,"date":"2025-12-31T13:01:30","date_gmt":"2025-12-31T13:01:30","guid":{"rendered":"https:\/\/www.lacavedeslecteurs.com\/index.php\/product\/chateau-chapelle-dalienor-by-la-gaffeliere-magnum\/"},"modified":"2026-02-13T15:35:50","modified_gmt":"2026-02-13T15:35:50","slug":"chateau-chapelle-dalienor-by-la-gaffeliere-magnum","status":"publish","type":"product","link":"https:\/\/www.lacavedeslecteurs.com\/index.php\/product\/chateau-chapelle-dalienor-by-la-gaffeliere-magnum\/","title":{"rendered":"Ch\u00e2teau Chapelle d&rsquo;Ali\u00e9nor by La Gaffeli\u00e8re Magnum - 2016"},"content":{"rendered":"<p>La d\u00e9finition d\u2019un Bordeaux par un 1er Grand Cru Class\u00e9 B. Ar\u00f4mes de cerise et d\u2019amande grill\u00e9e. Belle structure. Accessible d\u00e8s maintenant.<\/p>\n","protected":false},"excerpt":{"rendered":"<p>La d\u00e9finition d\u2019un Bordeaux par un 1er Grand Cru Class\u00e9 B. Ar\u00f4mes de cerise et d\u2019amande grill\u00e9e. Belle structure. Accessible d\u00e8s maintenant.<\/p>\n","protected":false},"featured_media":16930,"comment_status":"open","ping_status":"closed","template":"","meta":[],"product_brand":[],"product_cat":[365,138,60,27],"product_tag":[],"class_list":{"0":"post-11694","1":"product","2":"type-product","3":"status-publish","4":"has-post-thumbnail","6":"product_cat-categorie","7":"product_cat-couleurs","8":"product_cat-magnum","9":"product_cat-rouge","11":"first","12":"instock","13":"sale","14":"taxable","15":"shipping-taxable","16":"purchasable","17":"product-type-simple"},"_links":{"self":[{"href":"https:\/\/www.lacavedeslecteurs.com\/index.php\/wp-json\/wp\/v2\/product\/11694","targetHints":{"allow":["GET"]}}],"collection":[{"href":"https:\/\/www.lacavedeslecteurs.com\/index.php\/wp-json\/wp\/v2\/product"}],"about":[{"href":"https:\/\/www.lacavedeslecteurs.com\/index.php\/wp-json\/wp\/v2\/types\/product"}],"replies":[{"embeddable":true,"href":"https:\/\/www.lacavedeslecteurs.com\/index.php\/wp-json\/wp\/v2\/comments?post=11694"}],"wp:featuredmedia":[{"embeddable":true,"href":"https:\/\/www.lacavedeslecteurs.com\/index.php\/wp-json\/wp\/v2\/media\/16930"}],"wp:attachment":[{"href":"https:\/\/www.lacavedeslecteurs.com\/index.php\/wp-json\/wp\/v2\/media?parent=11694"}],"wp:term":[{"taxonomy":"product_brand","embeddable":true,"href":"https:\/\/www.lacavedeslecteurs.com\/index.php\/wp-json\/wp\/v2\/product_brand?post=11694"},{"taxonomy":"product_cat","embeddable":true,"href":"https:\/\/www.lacavedeslecteurs.com\/index.php\/wp-json\/wp\/v2\/product_cat?post=11694"},{"taxonomy":"product_tag","embeddable":true,"href":"https:\/\/www.lacavedeslecteurs.com\/index.php\/wp-json\/wp\/v2\/product_tag?post=11694"}],"curies":[{"name":"wp","href":"https:\/\/api.w.org\/{rel}","templated":true}]}}