{"id":11703,"date":"2025-12-31T13:01:35","date_gmt":"2025-12-31T13:01:35","guid":{"rendered":"https:\/\/www.lacavedeslecteurs.com\/index.php\/product\/magnum-cabardes-reserve-de-jeanne-maison-ventenac\/"},"modified":"2026-02-13T15:36:03","modified_gmt":"2026-02-13T15:36:03","slug":"magnum-cabardes-reserve-de-jeanne-maison-ventenac","status":"publish","type":"product","link":"https:\/\/www.lacavedeslecteurs.com\/index.php\/product\/magnum-cabardes-reserve-de-jeanne-maison-ventenac\/","title":{"rendered":"Magnum CABARD\u00c8S \u00ab\u00a0R\u00e9serve de Jeanne\u00a0\u00bb Maison Ventenac - 2018"},"content":{"rendered":"<p>La typicit\u00e9 du terroir du midi associ\u00e9 \u00e0 la fraicheur du Cabernet Franc ! Un savoir-faire traditionnel pour un vin sinc\u00e8re et facile \u00e0 boire. L&rsquo;intensit\u00e9 des fruits m\u00fbrs et des ar\u00f4mes toast\u00e9s.<\/p>\n","protected":false},"excerpt":{"rendered":"<p>La typicit\u00e9 du terroir du midi associ\u00e9 \u00e0 la fraicheur du Cabernet Franc ! Un savoir-faire traditionnel pour un vin sinc\u00e8re et facile \u00e0 boire. L&rsquo;intensit\u00e9 des fruits m\u00fbrs et des ar\u00f4mes toast\u00e9s.<\/p>\n","protected":false},"featured_media":16935,"comment_status":"open","ping_status":"closed","template":"","meta":[],"product_brand":[],"product_cat":[365,138,60,27],"product_tag":[],"class_list":{"0":"post-11703","1":"product","2":"type-product","3":"status-publish","4":"has-post-thumbnail","6":"product_cat-categorie","7":"product_cat-couleurs","8":"product_cat-magnum","9":"product_cat-rouge","11":"first","12":"instock","13":"sale","14":"taxable","15":"shipping-taxable","16":"purchasable","17":"product-type-simple"},"_links":{"self":[{"href":"https:\/\/www.lacavedeslecteurs.com\/index.php\/wp-json\/wp\/v2\/product\/11703","targetHints":{"allow":["GET"]}}],"collection":[{"href":"https:\/\/www.lacavedeslecteurs.com\/index.php\/wp-json\/wp\/v2\/product"}],"about":[{"href":"https:\/\/www.lacavedeslecteurs.com\/index.php\/wp-json\/wp\/v2\/types\/product"}],"replies":[{"embeddable":true,"href":"https:\/\/www.lacavedeslecteurs.com\/index.php\/wp-json\/wp\/v2\/comments?post=11703"}],"wp:featuredmedia":[{"embeddable":true,"href":"https:\/\/www.lacavedeslecteurs.com\/index.php\/wp-json\/wp\/v2\/media\/16935"}],"wp:attachment":[{"href":"https:\/\/www.lacavedeslecteurs.com\/index.php\/wp-json\/wp\/v2\/media?parent=11703"}],"wp:term":[{"taxonomy":"product_brand","embeddable":true,"href":"https:\/\/www.lacavedeslecteurs.com\/index.php\/wp-json\/wp\/v2\/product_brand?post=11703"},{"taxonomy":"product_cat","embeddable":true,"href":"https:\/\/www.lacavedeslecteurs.com\/index.php\/wp-json\/wp\/v2\/product_cat?post=11703"},{"taxonomy":"product_tag","embeddable":true,"href":"https:\/\/www.lacavedeslecteurs.com\/index.php\/wp-json\/wp\/v2\/product_tag?post=11703"}],"curies":[{"name":"wp","href":"https:\/\/api.w.org\/{rel}","templated":true}]}}