{"id":11707,"date":"2025-12-31T13:01:37","date_gmt":"2025-12-31T13:01:37","guid":{"rendered":"https:\/\/www.lacavedeslecteurs.com\/index.php\/product\/chateau-tour-des-termes-magnum\/"},"modified":"2026-02-13T15:36:08","modified_gmt":"2026-02-13T15:36:08","slug":"chateau-tour-des-termes-magnum","status":"publish","type":"product","link":"https:\/\/www.lacavedeslecteurs.com\/index.php\/product\/chateau-tour-des-termes-magnum\/","title":{"rendered":"Ch\u00e2teau Tour des Termes Magnum - 2016"},"content":{"rendered":"<p>La famille Anney r\u00e9alise un cru authentique et remarquable, \u00e0 l&rsquo;image de son terroir. 60% Merlot et 30% Cabernet Sauvignon pour un fruit rond, sinc\u00e8re et structur\u00e9. Un grand vin de garde ex\u00e9cut\u00e9 de main de ma\u00eetre!<\/p>\n","protected":false},"excerpt":{"rendered":"<p>La famille Anney r\u00e9alise un cru authentique et remarquable, \u00e0 l&rsquo;image de son terroir. 60% Merlot et 30% Cabernet Sauvignon pour un fruit rond, sinc\u00e8re et structur\u00e9. Un grand vin de garde ex\u00e9cut\u00e9 de main de ma\u00eetre!<\/p>\n","protected":false},"featured_media":16937,"comment_status":"open","ping_status":"closed","template":"","meta":[],"product_brand":[],"product_cat":[365,138,60,27],"product_tag":[],"class_list":{"0":"post-11707","1":"product","2":"type-product","3":"status-publish","4":"has-post-thumbnail","6":"product_cat-categorie","7":"product_cat-couleurs","8":"product_cat-magnum","9":"product_cat-rouge","11":"first","12":"instock","13":"sale","14":"taxable","15":"shipping-taxable","16":"purchasable","17":"product-type-simple"},"_links":{"self":[{"href":"https:\/\/www.lacavedeslecteurs.com\/index.php\/wp-json\/wp\/v2\/product\/11707","targetHints":{"allow":["GET"]}}],"collection":[{"href":"https:\/\/www.lacavedeslecteurs.com\/index.php\/wp-json\/wp\/v2\/product"}],"about":[{"href":"https:\/\/www.lacavedeslecteurs.com\/index.php\/wp-json\/wp\/v2\/types\/product"}],"replies":[{"embeddable":true,"href":"https:\/\/www.lacavedeslecteurs.com\/index.php\/wp-json\/wp\/v2\/comments?post=11707"}],"wp:featuredmedia":[{"embeddable":true,"href":"https:\/\/www.lacavedeslecteurs.com\/index.php\/wp-json\/wp\/v2\/media\/16937"}],"wp:attachment":[{"href":"https:\/\/www.lacavedeslecteurs.com\/index.php\/wp-json\/wp\/v2\/media?parent=11707"}],"wp:term":[{"taxonomy":"product_brand","embeddable":true,"href":"https:\/\/www.lacavedeslecteurs.com\/index.php\/wp-json\/wp\/v2\/product_brand?post=11707"},{"taxonomy":"product_cat","embeddable":true,"href":"https:\/\/www.lacavedeslecteurs.com\/index.php\/wp-json\/wp\/v2\/product_cat?post=11707"},{"taxonomy":"product_tag","embeddable":true,"href":"https:\/\/www.lacavedeslecteurs.com\/index.php\/wp-json\/wp\/v2\/product_tag?post=11707"}],"curies":[{"name":"wp","href":"https:\/\/api.w.org\/{rel}","templated":true}]}}