{"id":11713,"date":"2025-12-31T13:01:39","date_gmt":"2025-12-31T13:01:39","guid":{"rendered":"https:\/\/www.lacavedeslecteurs.com\/index.php\/product\/double-magnum-saint-emilion-grand-cru-classe-chateau-grand-corbin-despagne-2015-bio-93-100-james-suckling-94-100-bettanedesseauve\/"},"modified":"2026-02-13T15:36:15","modified_gmt":"2026-02-13T15:36:15","slug":"double-magnum-saint-emilion-grand-cru-classe-chateau-grand-corbin-despagne-2015-bio-93-100-james-suckling-94-100-bettanedesseauve","status":"publish","type":"product","link":"https:\/\/www.lacavedeslecteurs.com\/index.php\/product\/double-magnum-saint-emilion-grand-cru-classe-chateau-grand-corbin-despagne-2015-bio-93-100-james-suckling-94-100-bettanedesseauve\/","title":{"rendered":"Double Magnum SAINT-\u00c9MILION GRAND CRU CLASS\u00c9 Ch\u00e2teau Grand Corbin Despagne 2015 &#8211; BIO &#8211; 93\/100 James Suckling, 94\/100 Bettane&#038;Desseauve - 2015"},"content":{"rendered":"","protected":false},"excerpt":{"rendered":"","protected":false},"featured_media":16940,"comment_status":"open","ping_status":"closed","template":"","meta":[],"product_brand":[],"product_cat":[365,138,60,27],"product_tag":[],"class_list":{"0":"post-11713","1":"product","2":"type-product","3":"status-publish","4":"has-post-thumbnail","6":"product_cat-categorie","7":"product_cat-couleurs","8":"product_cat-magnum","9":"product_cat-rouge","11":"first","12":"instock","13":"sale","14":"taxable","15":"shipping-taxable","16":"purchasable","17":"product-type-simple"},"_links":{"self":[{"href":"https:\/\/www.lacavedeslecteurs.com\/index.php\/wp-json\/wp\/v2\/product\/11713","targetHints":{"allow":["GET"]}}],"collection":[{"href":"https:\/\/www.lacavedeslecteurs.com\/index.php\/wp-json\/wp\/v2\/product"}],"about":[{"href":"https:\/\/www.lacavedeslecteurs.com\/index.php\/wp-json\/wp\/v2\/types\/product"}],"replies":[{"embeddable":true,"href":"https:\/\/www.lacavedeslecteurs.com\/index.php\/wp-json\/wp\/v2\/comments?post=11713"}],"wp:featuredmedia":[{"embeddable":true,"href":"https:\/\/www.lacavedeslecteurs.com\/index.php\/wp-json\/wp\/v2\/media\/16940"}],"wp:attachment":[{"href":"https:\/\/www.lacavedeslecteurs.com\/index.php\/wp-json\/wp\/v2\/media?parent=11713"}],"wp:term":[{"taxonomy":"product_brand","embeddable":true,"href":"https:\/\/www.lacavedeslecteurs.com\/index.php\/wp-json\/wp\/v2\/product_brand?post=11713"},{"taxonomy":"product_cat","embeddable":true,"href":"https:\/\/www.lacavedeslecteurs.com\/index.php\/wp-json\/wp\/v2\/product_cat?post=11713"},{"taxonomy":"product_tag","embeddable":true,"href":"https:\/\/www.lacavedeslecteurs.com\/index.php\/wp-json\/wp\/v2\/product_tag?post=11713"}],"curies":[{"name":"wp","href":"https:\/\/api.w.org\/{rel}","templated":true}]}}