{"id":11725,"date":"2025-12-31T13:01:43","date_gmt":"2025-12-31T13:01:43","guid":{"rendered":"https:\/\/www.lacavedeslecteurs.com\/index.php\/product\/domaine-de-la-vieille-julienne-les-trois-sources\/"},"modified":"2026-02-13T15:36:25","modified_gmt":"2026-02-13T15:36:25","slug":"domaine-de-la-vieille-julienne-les-trois-sources","status":"publish","type":"product","link":"https:\/\/www.lacavedeslecteurs.com\/index.php\/product\/domaine-de-la-vieille-julienne-les-trois-sources\/","title":{"rendered":"Domaine de La Vieille Julienne Les Trois Sources - 2019"},"content":{"rendered":"<p>Les ar\u00f4mes se d\u00e9veloppent sur la groseille, la myrtille, la prune et le r\u00e9glisse. Le vin est gourmand en bouche, puissant et complexe, mais avec une grande \u00e9l\u00e9gance qui en fait un must de Ch\u00e2teauneuf-du-Pape, le tout dans un mill\u00e9sime de l\u00e9gende..<\/p>\n","protected":false},"excerpt":{"rendered":"<p>Les ar\u00f4mes se d\u00e9veloppent sur la groseille, la myrtille, la prune et le r\u00e9glisse. Le vin est gourmand en bouche, puissant et complexe, mais avec une grande \u00e9l\u00e9gance qui en fait un must de Ch\u00e2teauneuf-du-Pape, le tout dans un mill\u00e9sime de l\u00e9gende..<\/p>\n","protected":false},"featured_media":16947,"comment_status":"open","ping_status":"closed","template":"","meta":[],"product_brand":[],"product_cat":[365,138,66,27],"product_tag":[],"class_list":{"0":"post-11725","1":"product","2":"type-product","3":"status-publish","4":"has-post-thumbnail","6":"product_cat-categorie","7":"product_cat-couleurs","8":"product_cat-rhone","9":"product_cat-rouge","11":"first","12":"instock","13":"sale","14":"taxable","15":"shipping-taxable","16":"purchasable","17":"product-type-simple"},"_links":{"self":[{"href":"https:\/\/www.lacavedeslecteurs.com\/index.php\/wp-json\/wp\/v2\/product\/11725","targetHints":{"allow":["GET"]}}],"collection":[{"href":"https:\/\/www.lacavedeslecteurs.com\/index.php\/wp-json\/wp\/v2\/product"}],"about":[{"href":"https:\/\/www.lacavedeslecteurs.com\/index.php\/wp-json\/wp\/v2\/types\/product"}],"replies":[{"embeddable":true,"href":"https:\/\/www.lacavedeslecteurs.com\/index.php\/wp-json\/wp\/v2\/comments?post=11725"}],"wp:featuredmedia":[{"embeddable":true,"href":"https:\/\/www.lacavedeslecteurs.com\/index.php\/wp-json\/wp\/v2\/media\/16947"}],"wp:attachment":[{"href":"https:\/\/www.lacavedeslecteurs.com\/index.php\/wp-json\/wp\/v2\/media?parent=11725"}],"wp:term":[{"taxonomy":"product_brand","embeddable":true,"href":"https:\/\/www.lacavedeslecteurs.com\/index.php\/wp-json\/wp\/v2\/product_brand?post=11725"},{"taxonomy":"product_cat","embeddable":true,"href":"https:\/\/www.lacavedeslecteurs.com\/index.php\/wp-json\/wp\/v2\/product_cat?post=11725"},{"taxonomy":"product_tag","embeddable":true,"href":"https:\/\/www.lacavedeslecteurs.com\/index.php\/wp-json\/wp\/v2\/product_tag?post=11725"}],"curies":[{"name":"wp","href":"https:\/\/api.w.org\/{rel}","templated":true}]}}