{"id":11727,"date":"2025-12-31T13:01:44","date_gmt":"2025-12-31T13:01:44","guid":{"rendered":"https:\/\/www.lacavedeslecteurs.com\/index.php\/product\/domaine-de-beaurenard-bio\/"},"modified":"2026-02-13T15:36:28","modified_gmt":"2026-02-13T15:36:28","slug":"domaine-de-beaurenard-bio","status":"publish","type":"product","link":"https:\/\/www.lacavedeslecteurs.com\/index.php\/product\/domaine-de-beaurenard-bio\/","title":{"rendered":"Domaine de Beaurenard Bio - 2020"},"content":{"rendered":"<p>Le Domaine de Beaurenard est un domaine familial depuis 7 g\u00e9n\u00e9rations. Le Domaine s\u2019\u00e9tend sur 32 hectares de vignes \u00e0 Ch\u00e2teauneuf-du-Pape et 25 hectares en c\u00f4tes-du-rh\u00f4ne. Le vignoble est converti en biodynamie. Ce vin se r\u00e9v\u00e8le intense et concentr\u00e9. La bouche est fine et \u00e9l\u00e9gante avec de beaux fruits rouges et noirs.<\/p>\n","protected":false},"excerpt":{"rendered":"<p>Le Domaine de Beaurenard est un domaine familial depuis 7 g\u00e9n\u00e9rations. Le Domaine s\u2019\u00e9tend sur 32 hectares de vignes \u00e0 Ch\u00e2teauneuf-du-Pape et 25 hectares en c\u00f4tes-du-rh\u00f4ne. Le vignoble est converti en biodynamie. Ce vin se r\u00e9v\u00e8le intense et concentr\u00e9. La bouche est fine et \u00e9l\u00e9gante avec de beaux fruits rouges et noirs.<\/p>\n","protected":false},"featured_media":16948,"comment_status":"open","ping_status":"closed","template":"","meta":[],"product_brand":[],"product_cat":[365,138,66,27],"product_tag":[],"class_list":{"0":"post-11727","1":"product","2":"type-product","3":"status-publish","4":"has-post-thumbnail","6":"product_cat-categorie","7":"product_cat-couleurs","8":"product_cat-rhone","9":"product_cat-rouge","11":"first","12":"instock","13":"sale","14":"taxable","15":"shipping-taxable","16":"purchasable","17":"product-type-simple"},"_links":{"self":[{"href":"https:\/\/www.lacavedeslecteurs.com\/index.php\/wp-json\/wp\/v2\/product\/11727","targetHints":{"allow":["GET"]}}],"collection":[{"href":"https:\/\/www.lacavedeslecteurs.com\/index.php\/wp-json\/wp\/v2\/product"}],"about":[{"href":"https:\/\/www.lacavedeslecteurs.com\/index.php\/wp-json\/wp\/v2\/types\/product"}],"replies":[{"embeddable":true,"href":"https:\/\/www.lacavedeslecteurs.com\/index.php\/wp-json\/wp\/v2\/comments?post=11727"}],"wp:featuredmedia":[{"embeddable":true,"href":"https:\/\/www.lacavedeslecteurs.com\/index.php\/wp-json\/wp\/v2\/media\/16948"}],"wp:attachment":[{"href":"https:\/\/www.lacavedeslecteurs.com\/index.php\/wp-json\/wp\/v2\/media?parent=11727"}],"wp:term":[{"taxonomy":"product_brand","embeddable":true,"href":"https:\/\/www.lacavedeslecteurs.com\/index.php\/wp-json\/wp\/v2\/product_brand?post=11727"},{"taxonomy":"product_cat","embeddable":true,"href":"https:\/\/www.lacavedeslecteurs.com\/index.php\/wp-json\/wp\/v2\/product_cat?post=11727"},{"taxonomy":"product_tag","embeddable":true,"href":"https:\/\/www.lacavedeslecteurs.com\/index.php\/wp-json\/wp\/v2\/product_tag?post=11727"}],"curies":[{"name":"wp","href":"https:\/\/api.w.org\/{rel}","templated":true}]}}