{"id":11729,"date":"2025-12-31T13:01:46","date_gmt":"2025-12-31T13:01:46","guid":{"rendered":"https:\/\/www.lacavedeslecteurs.com\/index.php\/product\/maison-tardieu-laurent-coteaux\/"},"modified":"2026-02-13T15:36:30","modified_gmt":"2026-02-13T15:36:30","slug":"maison-tardieu-laurent-coteaux","status":"publish","type":"product","link":"https:\/\/www.lacavedeslecteurs.com\/index.php\/product\/maison-tardieu-laurent-coteaux\/","title":{"rendered":"Maison Tardieu-Laurent Coteaux - 2019"},"content":{"rendered":"<p>Il s\u00e9duit par sa robe rouge grenat aux reflets violine. Au nez, il exhale des ar\u00f4mes de fruits rouge avec de l\u00e9g\u00e8res notes \u00e9pic\u00e9es. La bouche est intense et fine, avec des tannins fins. Bel \u00e9quilibre et beaucoup de plaisir dans le verre !<\/p>\n","protected":false},"excerpt":{"rendered":"<p>Il s\u00e9duit par sa robe rouge grenat aux reflets violine. Au nez, il exhale des ar\u00f4mes de fruits rouge avec de l\u00e9g\u00e8res notes \u00e9pic\u00e9es. La bouche est intense et fine, avec des tannins fins. Bel \u00e9quilibre et beaucoup de plaisir dans le verre !<\/p>\n","protected":false},"featured_media":16949,"comment_status":"open","ping_status":"closed","template":"","meta":[],"product_brand":[],"product_cat":[365,138,66,27],"product_tag":[],"class_list":{"0":"post-11729","1":"product","2":"type-product","3":"status-publish","4":"has-post-thumbnail","6":"product_cat-categorie","7":"product_cat-couleurs","8":"product_cat-rhone","9":"product_cat-rouge","11":"first","12":"instock","13":"sale","14":"taxable","15":"shipping-taxable","16":"purchasable","17":"product-type-simple"},"_links":{"self":[{"href":"https:\/\/www.lacavedeslecteurs.com\/index.php\/wp-json\/wp\/v2\/product\/11729","targetHints":{"allow":["GET"]}}],"collection":[{"href":"https:\/\/www.lacavedeslecteurs.com\/index.php\/wp-json\/wp\/v2\/product"}],"about":[{"href":"https:\/\/www.lacavedeslecteurs.com\/index.php\/wp-json\/wp\/v2\/types\/product"}],"replies":[{"embeddable":true,"href":"https:\/\/www.lacavedeslecteurs.com\/index.php\/wp-json\/wp\/v2\/comments?post=11729"}],"wp:featuredmedia":[{"embeddable":true,"href":"https:\/\/www.lacavedeslecteurs.com\/index.php\/wp-json\/wp\/v2\/media\/16949"}],"wp:attachment":[{"href":"https:\/\/www.lacavedeslecteurs.com\/index.php\/wp-json\/wp\/v2\/media?parent=11729"}],"wp:term":[{"taxonomy":"product_brand","embeddable":true,"href":"https:\/\/www.lacavedeslecteurs.com\/index.php\/wp-json\/wp\/v2\/product_brand?post=11729"},{"taxonomy":"product_cat","embeddable":true,"href":"https:\/\/www.lacavedeslecteurs.com\/index.php\/wp-json\/wp\/v2\/product_cat?post=11729"},{"taxonomy":"product_tag","embeddable":true,"href":"https:\/\/www.lacavedeslecteurs.com\/index.php\/wp-json\/wp\/v2\/product_tag?post=11729"}],"curies":[{"name":"wp","href":"https:\/\/api.w.org\/{rel}","templated":true}]}}